{"id":217297,"date":"2024-08-22T02:00:45","date_gmt":"2024-08-22T02:00:45","guid":{"rendered":"https:\/\/doremimusical.com.br\/2019\/?post_type=product&#038;p=217297"},"modified":"2024-08-22T02:06:18","modified_gmt":"2024-08-22T02:06:18","slug":"breu-para-violino-pirastro-schwarz-black","status":"publish","type":"product","link":"https:\/\/doremimusical.com.br\/2019\/produto\/breu-para-violino-pirastro-schwarz-black\/","title":{"rendered":"Breu para violino Pirastro Schwarz Black"},"content":{"rendered":"<p>O\u00a0<strong>Breu\u00a0<\/strong><strong>Pirastro\u00a0<\/strong><strong>Schwarz Black<\/strong><strong>\u00a0<\/strong>\u00e9 um breu escuro de cor negra.<\/p>\n<p>\u00c9\u00a0um breu de alta densidade (hard) com grip (ader\u00eancia) intensa.<\/p>\n<p>Muito bem indicado para uso em jogo de cordas de n\u00facleo de a\u00e7o, especialmente, nos jogos para viola, cello e contrabaixo.<\/p>\n<p>Os breus Pirastro s\u00e3o produzidas na Alemanha extra\u00eddo de madeiras europeias. S\u00e3o mundialmente reconhecidas por seu alto padr\u00e3o de qualidade.<\/p>\n","protected":false},"excerpt":{"rendered":"<p><img loading=\"lazy\" class=\"alignnone size-full wp-image-217300\" src=\"https:\/\/doremimusical.com.br\/2019\/wp-content\/uploads\/2024\/08\/Pirastro1.png\" alt=\"\" width=\"1080\" height=\"1080\" srcset=\"https:\/\/doremimusical.com.br\/2019\/wp-content\/uploads\/2024\/08\/Pirastro1.png 1080w, https:\/\/doremimusical.com.br\/2019\/wp-content\/uploads\/2024\/08\/Pirastro1-980x980.png 980w, https:\/\/doremimusical.com.br\/2019\/wp-content\/uploads\/2024\/08\/Pirastro1-480x480.png 480w\" sizes=\"(min-width: 0px) and (max-width: 480px) 480px, (min-width: 481px) and (max-width: 980px) 980px, (min-width: 981px) 1080px, 100vw\" \/> <img loading=\"lazy\" class=\"alignnone size-medium wp-image-217301\" src=\"https:\/\/doremimusical.com.br\/2019\/wp-content\/uploads\/2024\/08\/Pirastro2.png\" alt=\"\" width=\"1080\" height=\"1080\" srcset=\"https:\/\/doremimusical.com.br\/2019\/wp-content\/uploads\/2024\/08\/Pirastro2.png 1080w, https:\/\/doremimusical.com.br\/2019\/wp-content\/uploads\/2024\/08\/Pirastro2-980x980.png 980w, https:\/\/doremimusical.com.br\/2019\/wp-content\/uploads\/2024\/08\/Pirastro2-480x480.png 480w\" sizes=\"(min-width: 0px) and (max-width: 480px) 480px, (min-width: 481px) and (max-width: 980px) 980px, (min-width: 981px) 1080px, 100vw\" \/><\/p>\n","protected":false},"featured_media":217301,"template":"","meta":{"_et_pb_use_builder":"","_et_pb_old_content":"","_et_gb_content_width":""},"product_cat":[79,353],"product_tag":[],"_links":{"self":[{"href":"https:\/\/doremimusical.com.br\/2019\/wp-json\/wp\/v2\/product\/217297"}],"collection":[{"href":"https:\/\/doremimusical.com.br\/2019\/wp-json\/wp\/v2\/product"}],"about":[{"href":"https:\/\/doremimusical.com.br\/2019\/wp-json\/wp\/v2\/types\/product"}],"wp:featuredmedia":[{"embeddable":true,"href":"https:\/\/doremimusical.com.br\/2019\/wp-json\/wp\/v2\/media\/217301"}],"wp:attachment":[{"href":"https:\/\/doremimusical.com.br\/2019\/wp-json\/wp\/v2\/media?parent=217297"}],"wp:term":[{"taxonomy":"product_cat","embeddable":true,"href":"https:\/\/doremimusical.com.br\/2019\/wp-json\/wp\/v2\/product_cat?post=217297"},{"taxonomy":"product_tag","embeddable":true,"href":"https:\/\/doremimusical.com.br\/2019\/wp-json\/wp\/v2\/product_tag?post=217297"}],"curies":[{"name":"wp","href":"https:\/\/api.w.org\/{rel}","templated":true}]}}