{"id":217285,"date":"2024-05-30T01:31:49","date_gmt":"2024-05-30T01:31:49","guid":{"rendered":"https:\/\/doremimusical.com.br\/2019\/?post_type=product&#038;p=217285"},"modified":"2024-05-30T01:31:50","modified_gmt":"2024-05-30T01:31:50","slug":"violino-dominante-4-4-especial-completo-com-estojo","status":"publish","type":"product","link":"https:\/\/doremimusical.com.br\/2019\/produto\/violino-dominante-4-4-especial-completo-com-estojo\/","title":{"rendered":"Violino Dominante 4\/4 Especial Completo com Estojo"},"content":{"rendered":"<p>VIOLINO 4\/4 PROFISSIONAL DOMINANTE<\/p>\n<p>O Violino 4\/4 Profissional Dominante \u00e9 um instrumento de alta qualidade, este violino sendo ideal para m\u00fasicos experientes e estudantes que buscam um produto de alto n\u00edvel, solistas e instrumentistas de orquestra que procuram um som rico e expressivo, e para violinistas apaixonados que apreciam a beleza e qualidade de um produto profissional.<\/p>\n<p>Possuindo um desempenho excepcional por contar com seu bra\u00e7o e lateral em Maple que proporciona ergonomia ideal para horas de pr\u00e1tica e um som claro e brilhante, cravelhas em \u00e9bano garantindo que garantem uma afina\u00e7\u00e3o precisa e est\u00e1vel, seu estandarte e queixeira s\u00e3o fabricadas com \u00e9bano esculpido oferecendo mais conforto e eleg\u00e2ncia e seu tampo feito de Spruce, uma madeira conhecida por sua resist\u00eancia e leveza.<\/p>\n<p>Este violino \u00e9 da marca Dominante, conhecida por sua excel\u00eancia e qualidade sonora.<\/p>\n<p>Conte\u00fado:<\/p>\n<p>\u2022 1 Violino 4\/4 Profissional Dominante<br \/>\n\u2022 1 Arco<br \/>\n\u2022 1 Breu<br \/>\n\u2022 1 Estojo<\/p>\n","protected":false},"excerpt":{"rendered":"<p>VIOLINO 4\/4 PROFISSIONAL DOMINANTE O Violino 4\/4 Profissional Dominante \u00e9 um instrumento de alta qualidade, este violino sendo ideal para m\u00fasicos experientes e estudantes que buscam um produto de alto n\u00edvel, solistas e instrumentistas de orquestra que procuram um som rico e expressivo, e para violinistas apaixonados que apreciam a beleza e qualidade de um [&hellip;]<\/p>\n","protected":false},"featured_media":217286,"template":"","meta":{"_et_pb_use_builder":"","_et_pb_old_content":"","_et_gb_content_width":""},"product_cat":[79,128,124],"product_tag":[],"_links":{"self":[{"href":"https:\/\/doremimusical.com.br\/2019\/wp-json\/wp\/v2\/product\/217285"}],"collection":[{"href":"https:\/\/doremimusical.com.br\/2019\/wp-json\/wp\/v2\/product"}],"about":[{"href":"https:\/\/doremimusical.com.br\/2019\/wp-json\/wp\/v2\/types\/product"}],"wp:featuredmedia":[{"embeddable":true,"href":"https:\/\/doremimusical.com.br\/2019\/wp-json\/wp\/v2\/media\/217286"}],"wp:attachment":[{"href":"https:\/\/doremimusical.com.br\/2019\/wp-json\/wp\/v2\/media?parent=217285"}],"wp:term":[{"taxonomy":"product_cat","embeddable":true,"href":"https:\/\/doremimusical.com.br\/2019\/wp-json\/wp\/v2\/product_cat?post=217285"},{"taxonomy":"product_tag","embeddable":true,"href":"https:\/\/doremimusical.com.br\/2019\/wp-json\/wp\/v2\/product_tag?post=217285"}],"curies":[{"name":"wp","href":"https:\/\/api.w.org\/{rel}","templated":true}]}}