{"id":217277,"date":"2024-05-30T00:53:55","date_gmt":"2024-05-30T00:53:55","guid":{"rendered":"https:\/\/doremimusical.com.br\/2019\/?post_type=product&#038;p=217277"},"modified":"2024-05-30T00:56:03","modified_gmt":"2024-05-30T00:56:03","slug":"interface-de-audio-jwl-ji-44","status":"publish","type":"product","link":"https:\/\/doremimusical.com.br\/2019\/produto\/interface-de-audio-jwl-ji-44\/","title":{"rendered":"Interface De \u00c1udio JWL Ji-44"},"content":{"rendered":"<p>Especifica\u00e7\u00f5es T\u00e9cnicas:<br \/>\nConectividade: USB-C<br \/>\nPortas: USB 2.0\/3.0<br \/>\nDrive: Plug in Play<br \/>\nCE\/S Simult\u00e2neos: 4\u00d74<br \/>\nResolu\u00e7\u00e3o A\/D: 24 Bits \/ 192Khz<br \/>\nChave de Imped\u00e2ncia: Hi-z<br \/>\nPr\u00e9 Amplificadores: 2<br \/>\nPhanton Power: Sim<br \/>\nEntrada p\/ Instrumentos: 4<br \/>\nEntrara p\/ microfones: 4<br \/>\nEntrada de Linha: 4<br \/>\nSa\u00eddas anal\u00f3gicas: 5<br \/>\nSa\u00eddas de Fone de Ouvido: 2<br \/>\nVolumes de Fones: 2<br \/>\nVolume de Entrada: 4<br \/>\nVolume geral:1<br \/>\nMIX\/DAW: 1<br \/>\nChave Loopback: 1<br \/>\nChave Monitor: 1<\/p>\n","protected":false},"excerpt":{"rendered":"<p><img loading=\"lazy\" class=\"alignnone size-full wp-image-217231\" src=\"https:\/\/doremimusical.com.br\/2019\/wp-content\/uploads\/2024\/05\/asdasfsadffg1.fw_.png\" alt=\"\" width=\"221\" height=\"98\" \/><\/p>\n","protected":false},"featured_media":217280,"template":"","meta":{"_et_pb_use_builder":"","_et_pb_old_content":"","_et_gb_content_width":""},"product_cat":[79,357,530,653],"product_tag":[655,654,656],"_links":{"self":[{"href":"https:\/\/doremimusical.com.br\/2019\/wp-json\/wp\/v2\/product\/217277"}],"collection":[{"href":"https:\/\/doremimusical.com.br\/2019\/wp-json\/wp\/v2\/product"}],"about":[{"href":"https:\/\/doremimusical.com.br\/2019\/wp-json\/wp\/v2\/types\/product"}],"wp:featuredmedia":[{"embeddable":true,"href":"https:\/\/doremimusical.com.br\/2019\/wp-json\/wp\/v2\/media\/217280"}],"wp:attachment":[{"href":"https:\/\/doremimusical.com.br\/2019\/wp-json\/wp\/v2\/media?parent=217277"}],"wp:term":[{"taxonomy":"product_cat","embeddable":true,"href":"https:\/\/doremimusical.com.br\/2019\/wp-json\/wp\/v2\/product_cat?post=217277"},{"taxonomy":"product_tag","embeddable":true,"href":"https:\/\/doremimusical.com.br\/2019\/wp-json\/wp\/v2\/product_tag?post=217277"}],"curies":[{"name":"wp","href":"https:\/\/api.w.org\/{rel}","templated":true}]}}