{"id":217271,"date":"2024-05-30T00:35:55","date_gmt":"2024-05-30T00:35:55","guid":{"rendered":"https:\/\/doremimusical.com.br\/2019\/?post_type=product&#038;p=217271"},"modified":"2024-05-30T00:39:13","modified_gmt":"2024-05-30T00:39:13","slug":"interface-de-audio-jwl-ji-22","status":"publish","type":"product","link":"https:\/\/doremimusical.com.br\/2019\/produto\/interface-de-audio-jwl-ji-22\/","title":{"rendered":"Interface De \u00c1udio JWL Ji-22"},"content":{"rendered":"<p>Interface de Audio JWL JI-22<\/p>\n<p>&#8211; Especifica\u00e7\u00f5es T\u00e9cnicas:<br \/>\n&#8211; Conectividade: USB-C<br \/>\n&#8211; Portas: USB 2.0\/3.0<br \/>\n&#8211; Drive: Plug in Play<br \/>\n&#8211; CE\/S Simult\u00e2neos: 2\u00d72<br \/>\n&#8211; Resolu\u00e7\u00e3o A\/D: 24 Bits \/ 192Khz<br \/>\n&#8211; Chave de Imped\u00e2ncia: Hi-z<br \/>\n&#8211; Pr\u00e9 Amplificadores: 2<br \/>\n&#8211; Phanton Power: 2<br \/>\n&#8211; Entrada p\/ Instrumentos: 2<br \/>\n&#8211; Entrara p\/ microfones: 2<br \/>\n&#8211; Entrada de Linha: 2<br \/>\n&#8211; Sa\u00eddas anal\u00f3gicas: 3<br \/>\n&#8211; Sa\u00eddas de Fone de Ouvido: 1<br \/>\n&#8211; Volumes de Fones: 1<br \/>\n&#8211; Volume de Entrada: 2<br \/>\n&#8211; Volume geral:1<br \/>\n&#8211; MIX\/DAW: 1<br \/>\n&#8211; Chave Loopback: 1<br \/>\n&#8211; Chave Monitor: 1<\/p>\n<p>&nbsp;<\/p>\n<ul class=\"ui-pdp-list__wrapper\">\n<li class=\"ui-pdp-list__item\">\n<p class=\"ui-pdp-family--REGULAR ui-pdp-list__text\"><span class=\"ui-pdp-color--BLACK ui-pdp-size--XSMALL ui-pdp-family--BOLD\">Software compat\u00edvel<\/span>: Pro tools,Live,Cubase<\/p>\n<\/li>\n<\/ul>\n<ul class=\"ui-pdp-list__wrapper\">\n<li class=\"ui-pdp-list__item\">\n<p class=\"ui-pdp-family--REGULAR ui-pdp-list__text\"><span class=\"ui-pdp-color--BLACK ui-pdp-size--XSMALL ui-pdp-family--BOLD\">\u00c9 compat\u00edvel com MIDI<\/span>: N\u00e3o<\/p>\n<\/li>\n<li class=\"ui-pdp-list__item\">\n<p class=\"ui-pdp-family--REGULAR ui-pdp-list__text\"><span class=\"ui-pdp-color--BLACK ui-pdp-size--XSMALL ui-pdp-family--BOLD\">Lat\u00eancia<\/span>: 0 ms<\/p>\n<\/li>\n<\/ul>\n","protected":false},"excerpt":{"rendered":"<p><img loading=\"lazy\" class=\"alignnone size-full wp-image-217231\" src=\"https:\/\/doremimusical.com.br\/2019\/wp-content\/uploads\/2024\/05\/asdasfsadffg1.fw_.png\" alt=\"\" width=\"221\" height=\"98\" \/><\/p>\n","protected":false},"featured_media":217274,"template":"","meta":{"_et_pb_use_builder":"","_et_pb_old_content":"","_et_gb_content_width":""},"product_cat":[79,357,653],"product_tag":[654,666,656],"_links":{"self":[{"href":"https:\/\/doremimusical.com.br\/2019\/wp-json\/wp\/v2\/product\/217271"}],"collection":[{"href":"https:\/\/doremimusical.com.br\/2019\/wp-json\/wp\/v2\/product"}],"about":[{"href":"https:\/\/doremimusical.com.br\/2019\/wp-json\/wp\/v2\/types\/product"}],"wp:featuredmedia":[{"embeddable":true,"href":"https:\/\/doremimusical.com.br\/2019\/wp-json\/wp\/v2\/media\/217274"}],"wp:attachment":[{"href":"https:\/\/doremimusical.com.br\/2019\/wp-json\/wp\/v2\/media?parent=217271"}],"wp:term":[{"taxonomy":"product_cat","embeddable":true,"href":"https:\/\/doremimusical.com.br\/2019\/wp-json\/wp\/v2\/product_cat?post=217271"},{"taxonomy":"product_tag","embeddable":true,"href":"https:\/\/doremimusical.com.br\/2019\/wp-json\/wp\/v2\/product_tag?post=217271"}],"curies":[{"name":"wp","href":"https:\/\/api.w.org\/{rel}","templated":true}]}}