{"id":217261,"date":"2024-05-29T03:30:24","date_gmt":"2024-05-29T03:30:24","guid":{"rendered":"https:\/\/doremimusical.com.br\/2019\/?post_type=product&#038;p=217261"},"modified":"2024-05-30T01:13:39","modified_gmt":"2024-05-30T01:13:39","slug":"bandinha-ritmica-infantil-com-kit-10-instrumentos-mochila","status":"publish","type":"product","link":"https:\/\/doremimusical.com.br\/2019\/produto\/bandinha-ritmica-infantil-com-kit-10-instrumentos-mochila\/","title":{"rendered":"Bandinha R\u00edtmica Infantil Com Kit 10 Instrumentos + Mochila"},"content":{"rendered":"<p>O Kit Bandinha Infantil Liverpool contribui no desenvolvimento nas aulas de musicaliza\u00e7\u00e3o infantil. Por meio do estudo e brincadeiras l\u00fadicas com esses instrumentos de percuss\u00e3o o educador ir\u00e1 proporcionar uma experi\u00eancia musical, social e cognitiva nas crian\u00e7as atrav\u00e9s de estudos l\u00fadicos musicais.<br \/>\nEste kit traz um compilado de sons e texturas musicais que ir\u00e3o despertar a curiosidade e instigar o fazer musical com as crian\u00e7as.<br \/>\n\u00c9 indicado para crian\u00e7as de 3 a 8 anos. ______________________________________________________<br \/>\nO que irei receber ao adquirir este kit:<br \/>\nKit Bandinha Infantil Liverpool 10 Instrumentos<br \/>\n______________________________________________________<\/p>\n<p>Composi\u00e7\u00e3o do Kit:<br \/>\n1 Mochila para armazenar e transportar os instrumentos<br \/>\nInstrumentos:<br \/>\n1- Pandeiro 6\u2019 Polegadas \u2013 Pele de Poli\u00e9ster e 4 Platinelas<br \/>\n1- Triangulo de Metal Cromado 15cm com Vareta de Metal<br \/>\n1- Par de Maracas em ABS \u2013 cor Azul<br \/>\n1- Par Egg Shaker \u2013 Azul<br \/>\n1- Par Chocalhos com Guizo<br \/>\n1- Par Castanholas em Abs \u2013 cores &#8211; azul e vermelho<br \/>\n1- Chocalho de Guizo com haste de madeira<br \/>\n1- Agog\u00f4 de Madeira \u2013 Tamb\u00e9m pode ser utilizado como reco-reco<br \/>\n1- Platinela de Madeira<br \/>\n1- Pe\u00e7a de Kazoo<\/p>\n<p>Marca: Liverpool<br \/>\nOrigem: Importado<\/p>\n<p>Indica\u00e7\u00e3o:<br \/>\nO kit \u00e9 usado para aulas de musicaliza\u00e7\u00e3o infantil.<br \/>\nIndicado para crian\u00e7as de 3 a 8 anos.<\/p>\n","protected":false},"excerpt":{"rendered":"<p><img loading=\"lazy\" class=\"alignnone size-full wp-image-212351\" src=\"https:\/\/doremimusical.com.br\/2019\/wp-content\/uploads\/2019\/09\/Liverpool.png\" alt=\"\" width=\"157\" height=\"41\" srcset=\"https:\/\/doremimusical.com.br\/2019\/wp-content\/uploads\/2019\/09\/Liverpool.png 157w, https:\/\/doremimusical.com.br\/2019\/wp-content\/uploads\/2019\/09\/Liverpool-150x39.png 150w\" sizes=\"(max-width: 157px) 100vw, 157px\" \/><\/p>\n","protected":false},"featured_media":217262,"template":"","meta":{"_et_pb_use_builder":"","_et_pb_old_content":"","_et_gb_content_width":""},"product_cat":[79,146],"product_tag":[661,662,663],"_links":{"self":[{"href":"https:\/\/doremimusical.com.br\/2019\/wp-json\/wp\/v2\/product\/217261"}],"collection":[{"href":"https:\/\/doremimusical.com.br\/2019\/wp-json\/wp\/v2\/product"}],"about":[{"href":"https:\/\/doremimusical.com.br\/2019\/wp-json\/wp\/v2\/types\/product"}],"wp:featuredmedia":[{"embeddable":true,"href":"https:\/\/doremimusical.com.br\/2019\/wp-json\/wp\/v2\/media\/217262"}],"wp:attachment":[{"href":"https:\/\/doremimusical.com.br\/2019\/wp-json\/wp\/v2\/media?parent=217261"}],"wp:term":[{"taxonomy":"product_cat","embeddable":true,"href":"https:\/\/doremimusical.com.br\/2019\/wp-json\/wp\/v2\/product_cat?post=217261"},{"taxonomy":"product_tag","embeddable":true,"href":"https:\/\/doremimusical.com.br\/2019\/wp-json\/wp\/v2\/product_tag?post=217261"}],"curies":[{"name":"wp","href":"https:\/\/api.w.org\/{rel}","templated":true}]}}