{"id":217248,"date":"2024-05-27T23:48:53","date_gmt":"2024-05-27T23:48:53","guid":{"rendered":"https:\/\/doremimusical.com.br\/2019\/?post_type=product&#038;p=217248"},"modified":"2024-05-27T23:48:53","modified_gmt":"2024-05-27T23:48:53","slug":"afinador-de-clip-cromatico-avs-acd-500","status":"publish","type":"product","link":"https:\/\/doremimusical.com.br\/2019\/produto\/afinador-de-clip-cromatico-avs-acd-500\/","title":{"rendered":"Afinador de Clip Crom\u00e1tico Avs Acd-500"},"content":{"rendered":"<p>Afinador digital de clip para uso em instrumentos de corda em geral.<\/p>\n<p>Marca: AVS<br \/>\nModelo: ACD500<br \/>\nModo de afina\u00e7\u00e3o: Crom\u00e1tico<br \/>\nDetec\u00e7\u00e3o: Vibra\u00e7\u00e3o<br \/>\nCompatibilidade: Contrabaixo, viol\u00e3o, Guitarra, Ukulele e Violino<\/p>\n","protected":false},"excerpt":{"rendered":"<p><img loading=\"lazy\" class=\"alignnone size-full wp-image-215892\" src=\"https:\/\/doremimusical.com.br\/2019\/wp-content\/uploads\/2021\/02\/Untitled-8-2.png\" alt=\"\" width=\"104\" height=\"29\" srcset=\"https:\/\/doremimusical.com.br\/2019\/wp-content\/uploads\/2021\/02\/Untitled-8-2.png 104w, https:\/\/doremimusical.com.br\/2019\/wp-content\/uploads\/2021\/02\/Untitled-8-2-100x29.png 100w\" sizes=\"(max-width: 104px) 100vw, 104px\" \/><\/p>\n","protected":false},"featured_media":217252,"template":"","meta":{"_et_pb_use_builder":"","_et_pb_old_content":"","_et_gb_content_width":""},"product_cat":[79,82,569],"product_tag":[647,652,650,649,648],"_links":{"self":[{"href":"https:\/\/doremimusical.com.br\/2019\/wp-json\/wp\/v2\/product\/217248"}],"collection":[{"href":"https:\/\/doremimusical.com.br\/2019\/wp-json\/wp\/v2\/product"}],"about":[{"href":"https:\/\/doremimusical.com.br\/2019\/wp-json\/wp\/v2\/types\/product"}],"wp:featuredmedia":[{"embeddable":true,"href":"https:\/\/doremimusical.com.br\/2019\/wp-json\/wp\/v2\/media\/217252"}],"wp:attachment":[{"href":"https:\/\/doremimusical.com.br\/2019\/wp-json\/wp\/v2\/media?parent=217248"}],"wp:term":[{"taxonomy":"product_cat","embeddable":true,"href":"https:\/\/doremimusical.com.br\/2019\/wp-json\/wp\/v2\/product_cat?post=217248"},{"taxonomy":"product_tag","embeddable":true,"href":"https:\/\/doremimusical.com.br\/2019\/wp-json\/wp\/v2\/product_tag?post=217248"}],"curies":[{"name":"wp","href":"https:\/\/api.w.org\/{rel}","templated":true}]}}