{"id":217235,"date":"2024-05-25T03:16:25","date_gmt":"2024-05-25T03:16:25","guid":{"rendered":"https:\/\/doremimusical.com.br\/2019\/?post_type=product&#038;p=217235"},"modified":"2024-05-28T00:21:03","modified_gmt":"2024-05-28T00:21:03","slug":"placa-interface-de-gravacao-de-audio-mxt-mx-q16","status":"publish","type":"product","link":"https:\/\/doremimusical.com.br\/2019\/produto\/placa-interface-de-gravacao-de-audio-mxt-mx-q16\/","title":{"rendered":"Placa Interface De Grava\u00e7\u00e3o De \u00c1udio Mxt Mx-q16"},"content":{"rendered":"<p>Placa Interface de Grava\u00e7\u00e3o de \u00c1udio MXT MX-Q16<\/p>\n<p>Caracter\u00edsticas:<\/p>\n<p>&#8211; Interface de \u00c1udio USB compat\u00edvel com celular e PC<br \/>\n&#8211; SA\u00cdDA PRINCIPAL (equil\u00edbrio de imped\u00e2ncia)<br \/>\n&#8211; Resposta de frequ\u00eancia: &#8211; 1\/-1dB, 20Hz-20kHz<br \/>\n&#8211; Faixa din\u00e2mica: 82 dB, pondera\u00e7\u00e3o A THD+N 0,03%, 1 KHz<br \/>\n&#8211; Imped\u00e2ncia de sa\u00edda de fone de ouvido 160<br \/>\n&#8211; Imped\u00e2ncia de sa\u00edda 1K0<br \/>\n&#8211; Resist\u00eancia de entrada 100k<br \/>\n&#8211; TELEFONES<br \/>\n&#8211; Nivel m\u00e1ximo de entrada: 15mW +15mW, 400<br \/>\n&#8211; USB<\/p>\n<p>Especifica\u00e7\u00f5es t\u00e9cnicas:<\/p>\n<p>&#8211; USB 2.0 de velocidade total, 16 bits, 44,1 KHz\/48KHz<br \/>\n&#8211; Requisitos de energia: &gt;5W<\/p>\n","protected":false},"excerpt":{"rendered":"<p><img loading=\"lazy\" class=\"alignnone size-full wp-image-216013\" src=\"https:\/\/doremimusical.com.br\/2019\/wp-content\/uploads\/2021\/08\/Untitled-8.png\" alt=\"\" width=\"117\" height=\"69\" \/><\/p>\n","protected":false},"featured_media":217244,"template":"","meta":{"_et_pb_use_builder":"","_et_pb_old_content":"","_et_gb_content_width":""},"product_cat":[79,357,530,653],"product_tag":[655,654,657,656],"_links":{"self":[{"href":"https:\/\/doremimusical.com.br\/2019\/wp-json\/wp\/v2\/product\/217235"}],"collection":[{"href":"https:\/\/doremimusical.com.br\/2019\/wp-json\/wp\/v2\/product"}],"about":[{"href":"https:\/\/doremimusical.com.br\/2019\/wp-json\/wp\/v2\/types\/product"}],"wp:featuredmedia":[{"embeddable":true,"href":"https:\/\/doremimusical.com.br\/2019\/wp-json\/wp\/v2\/media\/217244"}],"wp:attachment":[{"href":"https:\/\/doremimusical.com.br\/2019\/wp-json\/wp\/v2\/media?parent=217235"}],"wp:term":[{"taxonomy":"product_cat","embeddable":true,"href":"https:\/\/doremimusical.com.br\/2019\/wp-json\/wp\/v2\/product_cat?post=217235"},{"taxonomy":"product_tag","embeddable":true,"href":"https:\/\/doremimusical.com.br\/2019\/wp-json\/wp\/v2\/product_tag?post=217235"}],"curies":[{"name":"wp","href":"https:\/\/api.w.org\/{rel}","templated":true}]}}