{"id":217184,"date":"2022-11-29T15:02:46","date_gmt":"2022-11-29T15:02:46","guid":{"rendered":"https:\/\/doremimusical.com.br\/2019\/?post_type=product&#038;p=217184"},"modified":"2022-11-29T15:23:14","modified_gmt":"2022-11-29T15:23:14","slug":"cajon-strike-carimbos-eletrico","status":"publish","type":"product","link":"https:\/\/doremimusical.com.br\/2019\/produto\/cajon-strike-carimbos-eletrico\/","title":{"rendered":"Cajon Strike Stamps El\u00e9trico"},"content":{"rendered":"<p><span style=\"font-family: Verdana;\">A linha strike \u00e9 destinada a m\u00fasicos iniciantes que buscam qualidade sonora.<\/span><\/p>\n<p><span style=\"font-family: Verdana;\">Corpo em MDF e\u00a0pele selada em compensado de Suma\u00fama de 4mm.<\/span><\/p>\n<p><span style=\"font-family: Verdana;\">Cajon possui 1 (uma) capta\u00e7\u00e3o din\u00e2nimca com sa\u00edda P10.<\/span><\/p>\n<p><span style=\"font-family: Verdana;\">Esteira de 12 fios fabricada pela FSA.<\/span><\/p>\n","protected":false},"excerpt":{"rendered":"<p><img loading=\"lazy\" class=\"alignnone size-full wp-image-217176\" src=\"https:\/\/doremimusical.com.br\/2019\/wp-content\/uploads\/2022\/11\/logostrike.png\" alt=\"\" width=\"107\" height=\"42\" \/><\/p>\n","protected":false},"featured_media":217186,"template":"","meta":{"_et_pb_use_builder":"","_et_pb_old_content":"","_et_gb_content_width":""},"product_cat":[79,162,85,146,163],"product_tag":[],"_links":{"self":[{"href":"https:\/\/doremimusical.com.br\/2019\/wp-json\/wp\/v2\/product\/217184"}],"collection":[{"href":"https:\/\/doremimusical.com.br\/2019\/wp-json\/wp\/v2\/product"}],"about":[{"href":"https:\/\/doremimusical.com.br\/2019\/wp-json\/wp\/v2\/types\/product"}],"wp:featuredmedia":[{"embeddable":true,"href":"https:\/\/doremimusical.com.br\/2019\/wp-json\/wp\/v2\/media\/217186"}],"wp:attachment":[{"href":"https:\/\/doremimusical.com.br\/2019\/wp-json\/wp\/v2\/media?parent=217184"}],"wp:term":[{"taxonomy":"product_cat","embeddable":true,"href":"https:\/\/doremimusical.com.br\/2019\/wp-json\/wp\/v2\/product_cat?post=217184"},{"taxonomy":"product_tag","embeddable":true,"href":"https:\/\/doremimusical.com.br\/2019\/wp-json\/wp\/v2\/product_tag?post=217184"}],"curies":[{"name":"wp","href":"https:\/\/api.w.org\/{rel}","templated":true}]}}