{"id":217182,"date":"2022-11-29T14:53:06","date_gmt":"2022-11-29T14:53:06","guid":{"rendered":"https:\/\/doremimusical.com.br\/2019\/?post_type=product&#038;p=217182"},"modified":"2022-11-29T14:55:38","modified_gmt":"2022-11-29T14:55:38","slug":"cajon-strike-a-musica-cabe-em-todo-lugar-eletrico","status":"publish","type":"product","link":"https:\/\/doremimusical.com.br\/2019\/produto\/cajon-strike-a-musica-cabe-em-todo-lugar-eletrico\/","title":{"rendered":"Cajon Strike a M\u00fasica Cabe em Todo Lugar El\u00e9trico"},"content":{"rendered":"<p><span style=\"font-family: Verdana;\">A linha strike \u00e9 destinada a m\u00fasicos iniciantes que buscam qualidade sonora.<\/span><\/p>\n<p><span style=\"font-family: Verdana;\">Corpo em MDF e\u00a0pele selada em compensado de Suma\u00fama de 4mm.<\/span><\/p>\n<p><span style=\"font-family: Verdana;\">Cajon possui 1 (uma) capta\u00e7\u00e3o din\u00e2nimca com sa\u00edda P10.<\/span><\/p>\n<p><span style=\"font-family: Verdana;\">Esteira de 12 fios fabricada pela FSA.<\/span><\/p>\n","protected":false},"excerpt":{"rendered":"<p><img loading=\"lazy\" class=\"alignnone size-full wp-image-217176\" src=\"https:\/\/doremimusical.com.br\/2019\/wp-content\/uploads\/2022\/11\/logostrike.png\" alt=\"\" width=\"107\" height=\"42\" \/><\/p>\n","protected":false},"featured_media":217183,"template":"","meta":{"_et_pb_use_builder":"","_et_pb_old_content":"","_et_gb_content_width":""},"product_cat":[79,162,85,146,163],"product_tag":[],"_links":{"self":[{"href":"https:\/\/doremimusical.com.br\/2019\/wp-json\/wp\/v2\/product\/217182"}],"collection":[{"href":"https:\/\/doremimusical.com.br\/2019\/wp-json\/wp\/v2\/product"}],"about":[{"href":"https:\/\/doremimusical.com.br\/2019\/wp-json\/wp\/v2\/types\/product"}],"wp:featuredmedia":[{"embeddable":true,"href":"https:\/\/doremimusical.com.br\/2019\/wp-json\/wp\/v2\/media\/217183"}],"wp:attachment":[{"href":"https:\/\/doremimusical.com.br\/2019\/wp-json\/wp\/v2\/media?parent=217182"}],"wp:term":[{"taxonomy":"product_cat","embeddable":true,"href":"https:\/\/doremimusical.com.br\/2019\/wp-json\/wp\/v2\/product_cat?post=217182"},{"taxonomy":"product_tag","embeddable":true,"href":"https:\/\/doremimusical.com.br\/2019\/wp-json\/wp\/v2\/product_tag?post=217182"}],"curies":[{"name":"wp","href":"https:\/\/api.w.org\/{rel}","templated":true}]}}