{"id":217110,"date":"2021-12-01T22:18:37","date_gmt":"2021-12-01T22:18:37","guid":{"rendered":"https:\/\/doremimusical.com.br\/2019\/?post_type=product&#038;p=217110"},"modified":"2021-12-01T22:18:37","modified_gmt":"2021-12-01T22:18:37","slug":"cabo-tecniforte-cables-high-clear-p10-p10-ouro-458m","status":"publish","type":"product","link":"https:\/\/doremimusical.com.br\/2019\/produto\/cabo-tecniforte-cables-high-clear-p10-p10-ouro-458m\/","title":{"rendered":"Cabo Tecniforte Cables High Clear P10\/P10 Ouro 4,58m"},"content":{"rendered":"<ul>\n<li>&#8211; Cabo para Instrumentos Mono;<\/li>\n<li>&#8211; Emborrachado (PVC 70) + Espaguete Termo-Retr\u00e1til na Cor Violeta;<\/li>\n<li>&#8211; Forma\u00e7\u00e3o tipo Coaxial, Capa Externa (7mm &#8211; Extra Refor\u00e7ada);<\/li>\n<li>&#8211; Isola\u00e7\u00e3o, Dupla Capa, Blindagem (Tran\u00e7ada + Semicondutor), Diel\u00e9trico, Condutor Interno (Multi Gauge);<\/li>\n<li>&#8211; Malha de Cobre tran\u00e7ada;<\/li>\n<li>&#8211; OFHC (Cobre Livre de Oxig\u00eanio): 99,9%;<\/li>\n<li>&#8211; Bitola (Veia Interna): 0,75 mm;<\/li>\n<li>&#8211; Plugues G&amp;H (Made in USA);<\/li>\n<li>&#8211; Sem Solda\u00a0 (CCT- Clear Connect Technology\/ Encapsulados);<\/li>\n<li>&#8211; Resistencia Mec\u00e2nica: 10,00;<\/li>\n<li>&#8211; Embalagem Pl\u00e1stica Z\u00edper;<\/li>\n<li>&#8211; Metragens:\u00a04,58m<\/li>\n<li>&#8211; Capacit\u00e2ncia: 50,06 pF\/ft Capacit\u00e2ncia Alta = Melhor defini\u00e7\u00e3o nas Baixas Frequ\u00eancias (Bom para Graves);<\/li>\n<\/ul>\n","protected":false},"excerpt":{"rendered":"<p><img loading=\"lazy\" class=\"alignnone size-full wp-image-217099\" src=\"https:\/\/doremimusical.com.br\/2019\/wp-content\/uploads\/2021\/12\/tecniforte.fw_.png\" alt=\"\" width=\"226\" height=\"75\" \/><\/p>\n","protected":false},"featured_media":217108,"template":"","meta":{"_et_pb_use_builder":"","_et_pb_old_content":"","_et_gb_content_width":""},"product_cat":[79,357,553,643],"product_tag":[],"_links":{"self":[{"href":"https:\/\/doremimusical.com.br\/2019\/wp-json\/wp\/v2\/product\/217110"}],"collection":[{"href":"https:\/\/doremimusical.com.br\/2019\/wp-json\/wp\/v2\/product"}],"about":[{"href":"https:\/\/doremimusical.com.br\/2019\/wp-json\/wp\/v2\/types\/product"}],"wp:featuredmedia":[{"embeddable":true,"href":"https:\/\/doremimusical.com.br\/2019\/wp-json\/wp\/v2\/media\/217108"}],"wp:attachment":[{"href":"https:\/\/doremimusical.com.br\/2019\/wp-json\/wp\/v2\/media?parent=217110"}],"wp:term":[{"taxonomy":"product_cat","embeddable":true,"href":"https:\/\/doremimusical.com.br\/2019\/wp-json\/wp\/v2\/product_cat?post=217110"},{"taxonomy":"product_tag","embeddable":true,"href":"https:\/\/doremimusical.com.br\/2019\/wp-json\/wp\/v2\/product_tag?post=217110"}],"curies":[{"name":"wp","href":"https:\/\/api.w.org\/{rel}","templated":true}]}}