{"id":217107,"date":"2021-12-01T22:10:11","date_gmt":"2021-12-01T22:10:11","guid":{"rendered":"https:\/\/doremimusical.com.br\/2019\/?post_type=product&#038;p=217107"},"modified":"2021-12-01T22:11:13","modified_gmt":"2021-12-01T22:11:13","slug":"cabo-tecniforte-cables-high-clear-p10-l-ouro-609m","status":"publish","type":"product","link":"https:\/\/doremimusical.com.br\/2019\/produto\/cabo-tecniforte-cables-high-clear-p10-l-ouro-609m\/","title":{"rendered":"Cabo Tecniforte Cables High Clear P10\/P10 Ouro 6,09m"},"content":{"rendered":"<p style=\"font-weight: 400;\">&#8211; Emborrachado (PVC 70) + Espaguete Termo-Retr\u00e1til na Cor Violeta<\/p>\n<p style=\"font-weight: 400;\">&#8211; Forma\u00e7\u00e3o tipo Coaxial, Capa Externa (7mm &#8211; Extra Refor\u00e7ada)<\/p>\n<p style=\"font-weight: 400;\">&#8211; Isola\u00e7\u00e3o, Dupla Capa, Blindagem (Tran\u00e7ada + Semicondutor), Diel\u00e9trico, Condutor Interno (Multi Gauge)<\/p>\n<p style=\"font-weight: 400;\">&#8211; Sistema OFHC (Cobre Livre de Oxig\u00eanio): 99,9%<\/p>\n<p style=\"font-weight: 400;\">&#8211; Capacit\u00e2ncia: 50,06 pF\/ft &gt; Capacit\u00e2ncia Alta = Bom para Graves<\/p>\n<p style=\"font-weight: 400;\">-Frequ\u00eancias:<\/p>\n<p style=\"font-weight: 400;\">\u00a0\u00a0Baixa: 10,00<\/p>\n<p style=\"font-weight: 400;\">\u00a0\u00a0M\u00e9dia: 9,00<\/p>\n<p style=\"font-weight: 400;\">\u00a0\u00a0Alta: 8,00<\/p>\n<p style=\"font-weight: 400;\">&#8211; Se\u00e7\u00e3o do condutor: 0.75 mm2<\/p>\n<p style=\"font-weight: 400;\">&#8211; Blindagem prim\u00e1ria com semicondutor<\/p>\n<p style=\"font-weight: 400;\">&#8211; Blindagem secund\u00e1ria com tra\u00e7a de cobre<\/p>\n<p style=\"font-weight: 400;\">&#8211; Dupla cobertura externa com pol\u00edmero emborrachado<\/p>\n<p style=\"font-weight: 400;\">&#8211; Embalagem Pl\u00e1stica Z\u00edper<\/p>\n<p style=\"font-weight: 400;\">&#8211; Plugs:<\/p>\n<p style=\"font-weight: 400;\">\u00a0\u00a0G&amp;H (Made in USA)<\/p>\n<p style=\"font-weight: 400;\">\u00a0\u00a0Banhado a Ouro<\/p>\n<p style=\"font-weight: 400;\">\u00a0\u00a0Sem Solda (CCT- Clear Connect Technology\/ Encapsulados)<\/p>\n<p style=\"font-weight: 400;\">\u00a0\u00a0P10 X P10<\/p>\n<p><span style=\"font-weight: 400;\">\u00a0\u00a0Reto \/ Reto<\/span><\/p>\n","protected":false},"excerpt":{"rendered":"<p><img loading=\"lazy\" class=\"alignnone size-full wp-image-217099\" src=\"https:\/\/doremimusical.com.br\/2019\/wp-content\/uploads\/2021\/12\/tecniforte.fw_.png\" alt=\"\" width=\"226\" height=\"75\" \/><\/p>\n","protected":false},"featured_media":217108,"template":"","meta":{"_et_pb_use_builder":"","_et_pb_old_content":"","_et_gb_content_width":""},"product_cat":[79,82,357,553,643],"product_tag":[],"_links":{"self":[{"href":"https:\/\/doremimusical.com.br\/2019\/wp-json\/wp\/v2\/product\/217107"}],"collection":[{"href":"https:\/\/doremimusical.com.br\/2019\/wp-json\/wp\/v2\/product"}],"about":[{"href":"https:\/\/doremimusical.com.br\/2019\/wp-json\/wp\/v2\/types\/product"}],"wp:featuredmedia":[{"embeddable":true,"href":"https:\/\/doremimusical.com.br\/2019\/wp-json\/wp\/v2\/media\/217108"}],"wp:attachment":[{"href":"https:\/\/doremimusical.com.br\/2019\/wp-json\/wp\/v2\/media?parent=217107"}],"wp:term":[{"taxonomy":"product_cat","embeddable":true,"href":"https:\/\/doremimusical.com.br\/2019\/wp-json\/wp\/v2\/product_cat?post=217107"},{"taxonomy":"product_tag","embeddable":true,"href":"https:\/\/doremimusical.com.br\/2019\/wp-json\/wp\/v2\/product_tag?post=217107"}],"curies":[{"name":"wp","href":"https:\/\/api.w.org\/{rel}","templated":true}]}}