{"id":217057,"date":"2021-11-25T21:54:38","date_gmt":"2021-11-25T21:54:38","guid":{"rendered":"https:\/\/doremimusical.com.br\/2019\/?post_type=product&#038;p=217057"},"modified":"2021-11-25T22:24:01","modified_gmt":"2021-11-25T22:24:01","slug":"conector-p10-mono-90-mod-p10pl","status":"publish","type":"product","link":"https:\/\/doremimusical.com.br\/2019\/produto\/conector-p10-mono-90-mod-p10pl\/","title":{"rendered":"Conector P10 Santo Angelo Mono 90\u00b0 Mod P10PL"},"content":{"rendered":"<div class=\"span-item-detalhe\"><strong>T\u00edtulo:\u00a0<\/strong>P10 PL<\/div>\n<div class=\"span-item-detalhe\"><strong>Sub-t\u00edtulo:\u00a0<\/strong>PLG P10PL<\/div>\n<div class=\"span-item-detalhe\"><strong>Descri\u00e7\u00e3o do Produto:\u00a0<\/strong>Plug P10 mono, conector injetado em nylon e capa em lat\u00e3o niquelado, possui mola de prote\u00e7\u00e3o do cabo.<\/div>\n","protected":false},"excerpt":{"rendered":"<p><img loading=\"lazy\" class=\"alignnone wp-image-215391\" src=\"https:\/\/doremimusical.com.br\/2019\/wp-content\/uploads\/2020\/03\/santo-angelo.png\" alt=\"\" width=\"151\" height=\"73\" srcset=\"https:\/\/doremimusical.com.br\/2019\/wp-content\/uploads\/2020\/03\/santo-angelo.png 168w, https:\/\/doremimusical.com.br\/2019\/wp-content\/uploads\/2020\/03\/santo-angelo-150x72.png 150w\" sizes=\"(max-width: 151px) 100vw, 151px\" \/><\/p>\n","protected":false},"featured_media":217058,"template":"","meta":{"_et_pb_use_builder":"","_et_pb_old_content":"","_et_gb_content_width":""},"product_cat":[79,357,558,639],"product_tag":[],"_links":{"self":[{"href":"https:\/\/doremimusical.com.br\/2019\/wp-json\/wp\/v2\/product\/217057"}],"collection":[{"href":"https:\/\/doremimusical.com.br\/2019\/wp-json\/wp\/v2\/product"}],"about":[{"href":"https:\/\/doremimusical.com.br\/2019\/wp-json\/wp\/v2\/types\/product"}],"wp:featuredmedia":[{"embeddable":true,"href":"https:\/\/doremimusical.com.br\/2019\/wp-json\/wp\/v2\/media\/217058"}],"wp:attachment":[{"href":"https:\/\/doremimusical.com.br\/2019\/wp-json\/wp\/v2\/media?parent=217057"}],"wp:term":[{"taxonomy":"product_cat","embeddable":true,"href":"https:\/\/doremimusical.com.br\/2019\/wp-json\/wp\/v2\/product_cat?post=217057"},{"taxonomy":"product_tag","embeddable":true,"href":"https:\/\/doremimusical.com.br\/2019\/wp-json\/wp\/v2\/product_tag?post=217057"}],"curies":[{"name":"wp","href":"https:\/\/api.w.org\/{rel}","templated":true}]}}