{"id":217032,"date":"2021-11-24T21:53:59","date_gmt":"2021-11-24T21:53:59","guid":{"rendered":"https:\/\/doremimusical.com.br\/2019\/?post_type=product&#038;p=217032"},"modified":"2021-11-25T21:06:25","modified_gmt":"2021-11-25T21:06:25","slug":"microfone-tblack-600r-cabo-45m-prata","status":"publish","type":"product","link":"https:\/\/doremimusical.com.br\/2019\/produto\/microfone-tblack-600r-cabo-45m-prata\/","title":{"rendered":"Microfone TBlack 600R Cabo 4,5M Prata Gold"},"content":{"rendered":"<p>Microfone 600R Prata Tblack \u00e9 utilizado para captar sons, oferecendo excelente reprodu\u00e7\u00e3o de voz. Feito com material e componentes de qualidade para quem procura um microfone para vocal, karaok\u00ea, gravar instrumentos de percuss\u00e3o, entre outros.<\/p>\n","protected":false},"excerpt":{"rendered":"<p>Microfone 600R Prata Tblack \u00e9 utilizado para captar sons, oferecendo excelente reprodu\u00e7\u00e3o de voz. Feito com material e componentes de qualidade para quem procura um microfone para vocal, karaok\u00ea, gravar instrumentos de percuss\u00e3o, entre outros.<\/p>\n","protected":false},"featured_media":217033,"template":"","meta":{"_et_pb_use_builder":"","_et_pb_old_content":"","_et_gb_content_width":""},"product_cat":[79,357,358,637],"product_tag":[],"_links":{"self":[{"href":"https:\/\/doremimusical.com.br\/2019\/wp-json\/wp\/v2\/product\/217032"}],"collection":[{"href":"https:\/\/doremimusical.com.br\/2019\/wp-json\/wp\/v2\/product"}],"about":[{"href":"https:\/\/doremimusical.com.br\/2019\/wp-json\/wp\/v2\/types\/product"}],"wp:featuredmedia":[{"embeddable":true,"href":"https:\/\/doremimusical.com.br\/2019\/wp-json\/wp\/v2\/media\/217033"}],"wp:attachment":[{"href":"https:\/\/doremimusical.com.br\/2019\/wp-json\/wp\/v2\/media?parent=217032"}],"wp:term":[{"taxonomy":"product_cat","embeddable":true,"href":"https:\/\/doremimusical.com.br\/2019\/wp-json\/wp\/v2\/product_cat?post=217032"},{"taxonomy":"product_tag","embeddable":true,"href":"https:\/\/doremimusical.com.br\/2019\/wp-json\/wp\/v2\/product_tag?post=217032"}],"curies":[{"name":"wp","href":"https:\/\/api.w.org\/{rel}","templated":true}]}}