{"id":217009,"date":"2021-11-16T20:34:29","date_gmt":"2021-11-16T20:34:29","guid":{"rendered":"https:\/\/doremimusical.com.br\/2019\/?post_type=product&#038;p=217009"},"modified":"2021-11-16T20:34:29","modified_gmt":"2021-11-16T20:34:29","slug":"parafuso-premium-para-tom-da28-unitario","status":"publish","type":"product","link":"https:\/\/doremimusical.com.br\/2019\/produto\/parafuso-premium-para-tom-da28-unitario\/","title":{"rendered":"Parafuso Premium para Tom DA28 &#8211; Unitario"},"content":{"rendered":"<p>Parafuso Premium para Tom DA28 &#8211; Unitario As ferragens Premium s\u00e3o uma op\u00e7\u00e3o para o baterista que procura fazer uma manuten\u00e7\u00e3o em sua bateria sem gastar muito, al\u00e9m de contar com uma \u00f3tima qualidade as ferragens Premium s\u00e3o umas das melhores rela\u00e7\u00f5es custo x benef\u00edcio do mercado ***UNIT\u00c1RIO*** Modelo DA-28<\/p>\n","protected":false},"excerpt":{"rendered":"<p><img loading=\"lazy\" class=\"alignnone size-full wp-image-216974\" src=\"https:\/\/doremimusical.com.br\/2019\/wp-content\/uploads\/2021\/11\/musimax.png\" alt=\"\" width=\"160\" height=\"52\" \/><\/p>\n","protected":false},"featured_media":217010,"template":"","meta":{"_et_pb_use_builder":"","_et_pb_old_content":"","_et_gb_content_width":""},"product_cat":[79,82,635,330],"product_tag":[],"_links":{"self":[{"href":"https:\/\/doremimusical.com.br\/2019\/wp-json\/wp\/v2\/product\/217009"}],"collection":[{"href":"https:\/\/doremimusical.com.br\/2019\/wp-json\/wp\/v2\/product"}],"about":[{"href":"https:\/\/doremimusical.com.br\/2019\/wp-json\/wp\/v2\/types\/product"}],"wp:featuredmedia":[{"embeddable":true,"href":"https:\/\/doremimusical.com.br\/2019\/wp-json\/wp\/v2\/media\/217010"}],"wp:attachment":[{"href":"https:\/\/doremimusical.com.br\/2019\/wp-json\/wp\/v2\/media?parent=217009"}],"wp:term":[{"taxonomy":"product_cat","embeddable":true,"href":"https:\/\/doremimusical.com.br\/2019\/wp-json\/wp\/v2\/product_cat?post=217009"},{"taxonomy":"product_tag","embeddable":true,"href":"https:\/\/doremimusical.com.br\/2019\/wp-json\/wp\/v2\/product_tag?post=217009"}],"curies":[{"name":"wp","href":"https:\/\/api.w.org\/{rel}","templated":true}]}}