{"id":217005,"date":"2021-11-16T20:23:26","date_gmt":"2021-11-16T20:23:26","guid":{"rendered":"https:\/\/doremimusical.com.br\/2019\/?post_type=product&#038;p=217005"},"modified":"2021-11-16T20:23:26","modified_gmt":"2021-11-16T20:23:26","slug":"pedal-para-bateria-pd550-premium","status":"publish","type":"product","link":"https:\/\/doremimusical.com.br\/2019\/produto\/pedal-para-bateria-pd550-premium\/","title":{"rendered":"Pedal para Bateria PD550 Premium"},"content":{"rendered":"<p>A Premium \u00e9 uma empresa fabricante de baterias e acess\u00f3rios de percuss\u00e3o. Oferece uma ampla gama de produtos de qualidade e pre\u00e7o acess\u00edvel.<\/p>\n<p>Pedal Simples Pd 550 para bumbo de bateria. Um produto resistente feito em metal, pr\u00e1tico e de f\u00e1cil montagem em palcos ou est\u00fadios. Possui batedor de feltro branco, corrente refor\u00e7ada e regulador de tens\u00e3o. Um produto que combina qualidade e pre\u00e7o acess\u00edvel. Sem d\u00favida nenhuma um excelente custo-benef\u00edcio.<\/p>\n<p>Material:Metal<br \/>\nAplica\u00e7\u00e3o:Para bumbo<\/p>\n<p>Mais Informa\u00e7\u00f5es: -Tipo: Simples com detalhes cromados<br \/>\n-Regulador de tens\u00e3o<br \/>\n-Batedor: Feltro<br \/>\n-Corrente refor\u00e7a<\/p>\n","protected":false},"excerpt":{"rendered":"<p><img loading=\"lazy\" class=\"alignnone size-full wp-image-216974\" src=\"https:\/\/doremimusical.com.br\/2019\/wp-content\/uploads\/2021\/11\/musimax.png\" alt=\"\" width=\"160\" height=\"52\" \/><\/p>\n","protected":false},"featured_media":217006,"template":"","meta":{"_et_pb_use_builder":"","_et_pb_old_content":"","_et_gb_content_width":""},"product_cat":[79,82,484,330],"product_tag":[],"_links":{"self":[{"href":"https:\/\/doremimusical.com.br\/2019\/wp-json\/wp\/v2\/product\/217005"}],"collection":[{"href":"https:\/\/doremimusical.com.br\/2019\/wp-json\/wp\/v2\/product"}],"about":[{"href":"https:\/\/doremimusical.com.br\/2019\/wp-json\/wp\/v2\/types\/product"}],"wp:featuredmedia":[{"embeddable":true,"href":"https:\/\/doremimusical.com.br\/2019\/wp-json\/wp\/v2\/media\/217006"}],"wp:attachment":[{"href":"https:\/\/doremimusical.com.br\/2019\/wp-json\/wp\/v2\/media?parent=217005"}],"wp:term":[{"taxonomy":"product_cat","embeddable":true,"href":"https:\/\/doremimusical.com.br\/2019\/wp-json\/wp\/v2\/product_cat?post=217005"},{"taxonomy":"product_tag","embeddable":true,"href":"https:\/\/doremimusical.com.br\/2019\/wp-json\/wp\/v2\/product_tag?post=217005"}],"curies":[{"name":"wp","href":"https:\/\/api.w.org\/{rel}","templated":true}]}}