{"id":217003,"date":"2021-11-16T20:03:47","date_gmt":"2021-11-16T20:03:47","guid":{"rendered":"https:\/\/doremimusical.com.br\/2019\/?post_type=product&#038;p=217003"},"modified":"2021-11-16T20:03:47","modified_gmt":"2021-11-16T20:03:47","slug":"pedal-de-bumbo-premium-pd1450-reforcado","status":"publish","type":"product","link":"https:\/\/doremimusical.com.br\/2019\/produto\/pedal-de-bumbo-premium-pd1450-reforcado\/","title":{"rendered":"Pedal de Bumbo Premium PD1450 Refor\u00e7ado"},"content":{"rendered":"<p>Pedal De Bumbo Premium Para Bateria Pd1450 Cromado. A Premium \u00e9 uma empresa focada na fabrica\u00e7\u00e3o de baterias, ferragens, percuss\u00e3o e acess\u00f3rios com qualidade de som e material. Destacando-se sempre pela \u00f3tima rela\u00e7\u00e3o custo benef\u00edcio trazida em seus produtos. Pedal premium sem base, cromado, corrente simples, \u00e2ncora ajust\u00e1vel, regulagem de \u00e2ngulo do batedor.<\/p>\n<p>Espeficica\u00e7\u00f5es t\u00e9cnicas:<br \/>\nDesign com movimento linear, sem sistema com polia;<br \/>\nOferece uma resposta real do p\u00e9 \u00e0 superf\u00edcie de toque;<br \/>\nPromove movimento natural do tornozelo para impedir a fadiga muscular.<\/p>\n","protected":false},"excerpt":{"rendered":"<p><img loading=\"lazy\" class=\"alignnone size-full wp-image-216974\" src=\"https:\/\/doremimusical.com.br\/2019\/wp-content\/uploads\/2021\/11\/musimax.png\" alt=\"\" width=\"160\" height=\"52\" \/><\/p>\n","protected":false},"featured_media":217004,"template":"","meta":{"_et_pb_use_builder":"","_et_pb_old_content":"","_et_gb_content_width":""},"product_cat":[79,82,484,330],"product_tag":[],"_links":{"self":[{"href":"https:\/\/doremimusical.com.br\/2019\/wp-json\/wp\/v2\/product\/217003"}],"collection":[{"href":"https:\/\/doremimusical.com.br\/2019\/wp-json\/wp\/v2\/product"}],"about":[{"href":"https:\/\/doremimusical.com.br\/2019\/wp-json\/wp\/v2\/types\/product"}],"wp:featuredmedia":[{"embeddable":true,"href":"https:\/\/doremimusical.com.br\/2019\/wp-json\/wp\/v2\/media\/217004"}],"wp:attachment":[{"href":"https:\/\/doremimusical.com.br\/2019\/wp-json\/wp\/v2\/media?parent=217003"}],"wp:term":[{"taxonomy":"product_cat","embeddable":true,"href":"https:\/\/doremimusical.com.br\/2019\/wp-json\/wp\/v2\/product_cat?post=217003"},{"taxonomy":"product_tag","embeddable":true,"href":"https:\/\/doremimusical.com.br\/2019\/wp-json\/wp\/v2\/product_tag?post=217003"}],"curies":[{"name":"wp","href":"https:\/\/api.w.org\/{rel}","templated":true}]}}