{"id":216995,"date":"2021-11-09T22:10:42","date_gmt":"2021-11-09T22:10:42","guid":{"rendered":"https:\/\/doremimusical.com.br\/2019\/?post_type=product&#038;p=216995"},"modified":"2021-11-09T22:10:43","modified_gmt":"2021-11-09T22:10:43","slug":"banco-premium-para-bateria-dtra1118","status":"publish","type":"product","link":"https:\/\/doremimusical.com.br\/2019\/produto\/banco-premium-para-bateria-dtra1118\/","title":{"rendered":"Banco Premium para Bateria DTRA1118"},"content":{"rendered":"<p>Banco pneum\u00e1tico Premium DTRAB 1118 para bateria. Um produto resistente feito em metal, pr\u00e1tico e de f\u00e1cil montagem em palcos ou est\u00fadios. Assento tipo selim e com encosto. Com regulagem pneum\u00e1tica e constru\u00e7\u00e3o tubular. Base com ferragem dupla e p\u00e9s emborrachados que oferecem estabilidade e firmeza nas performances.<br \/>\nUm produto que combina qualidade e pre\u00e7o acess\u00edvel. Sem d\u00favida nenhuma um excelente custo-benef\u00edcio.<\/p>\n<p>Banco Bateria Pneum\u00e1tico Premium DTRAB 1118 com encosto<br \/>\nEspecifica\u00e7\u00f5es:<\/p>\n<p>&#8211; Modelo: DTRAB 1118<br \/>\n&#8211; Tipo: Banco para bateria<br \/>\n&#8211; Cor: Cromado e preto<br \/>\n&#8211; Material da base: Metal<br \/>\n&#8211; Material do assento: Couro<br \/>\n&#8211; Assento: Tipo selim com encosto<br \/>\n&#8211; Regulador de altura: Pneum\u00e1tico<br \/>\n&#8211; Base: Ferragem dupla com p\u00e9s emborrachados<br \/>\n&#8211; Confort\u00e1vel e resistente<\/p>\n","protected":false},"excerpt":{"rendered":"<p><img loading=\"lazy\" class=\"alignnone size-full wp-image-216974\" src=\"https:\/\/doremimusical.com.br\/2019\/wp-content\/uploads\/2021\/11\/musimax.png\" alt=\"\" width=\"160\" height=\"52\" \/><\/p>\n","protected":false},"featured_media":216996,"template":"","meta":{"_et_pb_use_builder":"","_et_pb_old_content":"","_et_gb_content_width":""},"product_cat":[79,82,633,330],"product_tag":[],"_links":{"self":[{"href":"https:\/\/doremimusical.com.br\/2019\/wp-json\/wp\/v2\/product\/216995"}],"collection":[{"href":"https:\/\/doremimusical.com.br\/2019\/wp-json\/wp\/v2\/product"}],"about":[{"href":"https:\/\/doremimusical.com.br\/2019\/wp-json\/wp\/v2\/types\/product"}],"wp:featuredmedia":[{"embeddable":true,"href":"https:\/\/doremimusical.com.br\/2019\/wp-json\/wp\/v2\/media\/216996"}],"wp:attachment":[{"href":"https:\/\/doremimusical.com.br\/2019\/wp-json\/wp\/v2\/media?parent=216995"}],"wp:term":[{"taxonomy":"product_cat","embeddable":true,"href":"https:\/\/doremimusical.com.br\/2019\/wp-json\/wp\/v2\/product_cat?post=216995"},{"taxonomy":"product_tag","embeddable":true,"href":"https:\/\/doremimusical.com.br\/2019\/wp-json\/wp\/v2\/product_tag?post=216995"}],"curies":[{"name":"wp","href":"https:\/\/api.w.org\/{rel}","templated":true}]}}