{"id":216994,"date":"2021-11-09T21:59:44","date_gmt":"2021-11-09T21:59:44","guid":{"rendered":"https:\/\/doremimusical.com.br\/2019\/?post_type=product&#038;p=216994"},"modified":"2021-11-09T21:59:44","modified_gmt":"2021-11-09T21:59:44","slug":"banco-para-bateria-premium-ferragem-dupla-tr25","status":"publish","type":"product","link":"https:\/\/doremimusical.com.br\/2019\/produto\/banco-para-bateria-premium-ferragem-dupla-tr25\/","title":{"rendered":"Banco Para Bateria Premium Ferragem Dupla Tr25"},"content":{"rendered":"<p>Banco Premium TR 25 para bateria. Um produto resistente feito em metal, pr\u00e1tico e de f\u00e1cil montagem em palcos ou est\u00fadios. Assento redondo e confort\u00e1vel. Com regulagem de altura, constru\u00e7\u00e3o tubular. Base com ferragem dupla e p\u00e9s emborrachados que oferecem estabilidade e firmeza nas performances. Um produto que combina qualidade e pre\u00e7o acess\u00edvel. Sem d\u00favida nenhuma um excelente custo-benef\u00edcio.<\/p>\n<p>Informa\u00e7\u00f5es t\u00e9cnicas:<\/p>\n<p>&#8211; Marca: Premium<\/p>\n<p>&#8211; Modelo: TR25<\/p>\n<p>&#8211; Material do assento: Tecido sint\u00e9tico imperme\u00e1vel<\/p>\n<p>&#8211; Altura minima (com assento): 48cm<\/p>\n<p>&#8211; Altura m\u00e1xima (com assento): 58cm<\/p>\n<p>&#8211; Dimens\u00f5es do assento: 28cm (D) x 6cm (A)<\/p>\n<p>&#8211; 5 furos para regulagem de altura<\/p>\n<p>&#8211; Ferragem Dupla<\/p>\n","protected":false},"excerpt":{"rendered":"<p><img loading=\"lazy\" class=\"alignnone size-full wp-image-216974\" src=\"https:\/\/doremimusical.com.br\/2019\/wp-content\/uploads\/2021\/11\/musimax.png\" alt=\"\" width=\"160\" height=\"52\" \/><\/p>\n","protected":false},"featured_media":216993,"template":"","meta":{"_et_pb_use_builder":"","_et_pb_old_content":"","_et_gb_content_width":""},"product_cat":[79,82,633,330],"product_tag":[],"_links":{"self":[{"href":"https:\/\/doremimusical.com.br\/2019\/wp-json\/wp\/v2\/product\/216994"}],"collection":[{"href":"https:\/\/doremimusical.com.br\/2019\/wp-json\/wp\/v2\/product"}],"about":[{"href":"https:\/\/doremimusical.com.br\/2019\/wp-json\/wp\/v2\/types\/product"}],"wp:featuredmedia":[{"embeddable":true,"href":"https:\/\/doremimusical.com.br\/2019\/wp-json\/wp\/v2\/media\/216993"}],"wp:attachment":[{"href":"https:\/\/doremimusical.com.br\/2019\/wp-json\/wp\/v2\/media?parent=216994"}],"wp:term":[{"taxonomy":"product_cat","embeddable":true,"href":"https:\/\/doremimusical.com.br\/2019\/wp-json\/wp\/v2\/product_cat?post=216994"},{"taxonomy":"product_tag","embeddable":true,"href":"https:\/\/doremimusical.com.br\/2019\/wp-json\/wp\/v2\/product_tag?post=216994"}],"curies":[{"name":"wp","href":"https:\/\/api.w.org\/{rel}","templated":true}]}}