{"id":216989,"date":"2021-11-09T21:47:00","date_gmt":"2021-11-09T21:47:00","guid":{"rendered":"https:\/\/doremimusical.com.br\/2019\/?post_type=product&#038;p=216989"},"modified":"2021-11-09T21:47:01","modified_gmt":"2021-11-09T21:47:01","slug":"banco-bateria-premium-tr542-dtr-ajuste-espiral-trava","status":"publish","type":"product","link":"https:\/\/doremimusical.com.br\/2019\/produto\/banco-bateria-premium-tr542-dtr-ajuste-espiral-trava\/","title":{"rendered":"Banco Bateria Premium TR542 dtr Ajuste Espiral Trava"},"content":{"rendered":"<p>A Premium \u00e9 uma empresa fabricante de baterias e acess\u00f3rios de percuss\u00e3o. Oferece uma ampla gama de produtos de qualidade e pre\u00e7o acess\u00edvel.<\/p>\n<p>Caracter\u00edsticas Gerais<\/p>\n<p>Modelo: tr 542 dtr<br \/>\nTipo: Banco para bateria<br \/>\nMaterial da base: Metal<br \/>\nMaterial do assento: Courino<br \/>\nCor: Cromado e preto<br \/>\nAssento: Redondo<br \/>\nRegulador de altura: Espiral<br \/>\nBase: Ferragem dupla com p\u00e9s emborrachados<br \/>\nConfort\u00e1vel e resistente<\/p>\n","protected":false},"excerpt":{"rendered":"<p><img loading=\"lazy\" class=\"alignnone size-full wp-image-216974\" src=\"https:\/\/doremimusical.com.br\/2019\/wp-content\/uploads\/2021\/11\/musimax.png\" alt=\"\" width=\"160\" height=\"52\" \/><\/p>\n","protected":false},"featured_media":216990,"template":"","meta":{"_et_pb_use_builder":"","_et_pb_old_content":"","_et_gb_content_width":""},"product_cat":[79,82,633,330],"product_tag":[],"_links":{"self":[{"href":"https:\/\/doremimusical.com.br\/2019\/wp-json\/wp\/v2\/product\/216989"}],"collection":[{"href":"https:\/\/doremimusical.com.br\/2019\/wp-json\/wp\/v2\/product"}],"about":[{"href":"https:\/\/doremimusical.com.br\/2019\/wp-json\/wp\/v2\/types\/product"}],"wp:featuredmedia":[{"embeddable":true,"href":"https:\/\/doremimusical.com.br\/2019\/wp-json\/wp\/v2\/media\/216990"}],"wp:attachment":[{"href":"https:\/\/doremimusical.com.br\/2019\/wp-json\/wp\/v2\/media?parent=216989"}],"wp:term":[{"taxonomy":"product_cat","embeddable":true,"href":"https:\/\/doremimusical.com.br\/2019\/wp-json\/wp\/v2\/product_cat?post=216989"},{"taxonomy":"product_tag","embeddable":true,"href":"https:\/\/doremimusical.com.br\/2019\/wp-json\/wp\/v2\/product_tag?post=216989"}],"curies":[{"name":"wp","href":"https:\/\/api.w.org\/{rel}","templated":true}]}}