{"id":216984,"date":"2021-11-09T21:33:15","date_gmt":"2021-11-09T21:33:15","guid":{"rendered":"https:\/\/doremimusical.com.br\/2019\/?post_type=product&#038;p=216984"},"modified":"2021-11-09T21:33:15","modified_gmt":"2021-11-09T21:33:15","slug":"estante-premium-para-chimbal-hs780","status":"publish","type":"product","link":"https:\/\/doremimusical.com.br\/2019\/produto\/estante-premium-para-chimbal-hs780\/","title":{"rendered":"Estante Premium para Chimbal HS780"},"content":{"rendered":"<div id=\"container-description\" class=\"row\">A Estante para Chimbal Premium HS780 \u00e9 um acess\u00f3rio resistente, com acabamento cromado e ferragem robusta para garantir a qualidade da performance dos bateristas. Oferece p\u00e9s emborrachados para fixar no ch\u00e3o e regulagem de altura deixando a m\u00e1quina de Chimbal mais vers\u00e1til.<\/div>\n<div class=\"row\">\n<h2 class=\"module-text\">CARACTER\u00cdSTICAS<\/h2>\n<\/div>\n<div id=\"container-features\" class=\"row\">\n<p><span class=\"feature-featkey\">Modelo:\u00a0<\/span><span class=\"feature-featval\">HS780<\/span><\/p>\n<p><span class=\"feature-featkey\">Aplica\u00e7\u00e3o:\u00a0<\/span><span class=\"feature-featval\">Chimbal<\/span><\/p>\n<p><span class=\"feature-featkey\">Dimens\u00f5es:\u00a0<\/span><span class=\"feature-featval\">13.000 x 12.000 x 66.000 CM<\/span><\/p>\n<p><span class=\"feature-featkey\">Marca:\u00a0<\/span><span class=\"feature-featval\">PREMIUM<\/span><\/p>\n<p><span class=\"feature-featkey\">Material:\u00a0<\/span><span class=\"feature-featval\">Metal<\/span><\/p>\n<p><span class=\"feature-featkey\">Informa\u00e7\u00e3o adicional:<\/span><span class=\"feature-featval\"><br \/>\nCor: Cromado com detalhes pretos<br \/>\nAcabamento: Cromado<br \/>\nRegulador de tamanho<br \/>\nBase: ferragem dupla com p\u00e9s emborrachados<\/span><\/p>\n<\/div>\n","protected":false},"excerpt":{"rendered":"<p><img loading=\"lazy\" class=\"alignnone size-full wp-image-216974\" src=\"https:\/\/doremimusical.com.br\/2019\/wp-content\/uploads\/2021\/11\/musimax.png\" alt=\"\" width=\"160\" height=\"52\" \/><\/p>\n","protected":false},"featured_media":216985,"template":"","meta":{"_et_pb_use_builder":"","_et_pb_old_content":"","_et_gb_content_width":""},"product_cat":[79,82,632,330],"product_tag":[],"_links":{"self":[{"href":"https:\/\/doremimusical.com.br\/2019\/wp-json\/wp\/v2\/product\/216984"}],"collection":[{"href":"https:\/\/doremimusical.com.br\/2019\/wp-json\/wp\/v2\/product"}],"about":[{"href":"https:\/\/doremimusical.com.br\/2019\/wp-json\/wp\/v2\/types\/product"}],"wp:featuredmedia":[{"embeddable":true,"href":"https:\/\/doremimusical.com.br\/2019\/wp-json\/wp\/v2\/media\/216985"}],"wp:attachment":[{"href":"https:\/\/doremimusical.com.br\/2019\/wp-json\/wp\/v2\/media?parent=216984"}],"wp:term":[{"taxonomy":"product_cat","embeddable":true,"href":"https:\/\/doremimusical.com.br\/2019\/wp-json\/wp\/v2\/product_cat?post=216984"},{"taxonomy":"product_tag","embeddable":true,"href":"https:\/\/doremimusical.com.br\/2019\/wp-json\/wp\/v2\/product_tag?post=216984"}],"curies":[{"name":"wp","href":"https:\/\/api.w.org\/{rel}","templated":true}]}}