{"id":216982,"date":"2021-11-09T21:17:48","date_gmt":"2021-11-09T21:17:48","guid":{"rendered":"https:\/\/doremimusical.com.br\/2019\/?post_type=product&#038;p=216982"},"modified":"2021-11-09T21:17:48","modified_gmt":"2021-11-09T21:17:48","slug":"estante-premium-para-caixa-ss780","status":"publish","type":"product","link":"https:\/\/doremimusical.com.br\/2019\/produto\/estante-premium-para-caixa-ss780\/","title":{"rendered":"Estante Premium Para caixa Ss780"},"content":{"rendered":"<p>Com ampla variedade de bancos, ferragens e acess\u00f3rios, a Premium traz solu\u00e7\u00f5es desde o p\u00fablico iniciante at\u00e9 o profissional mais exigente. A estante de caixa SS780 possui ferragem cromada, ajuste de altura e \u00e2ngulo.<\/p>\n<p><b>Caracter\u00edsticas Gerais:<\/b><br \/>\n&#8211; Modelo: Estante de caixa<br \/>\n&#8211; C\u00f3digo: SS780<br \/>\n&#8211; Acabamento: Cromado<\/p>\n<p><b>Detalhes:<\/b><br \/>\n&#8211; Ferragem: Pernas duplas<br \/>\n&#8211; Ajuste: Altura e \u00e2ngulo<\/p>\n","protected":false},"excerpt":{"rendered":"<p><img loading=\"lazy\" class=\"alignnone size-full wp-image-216974\" src=\"https:\/\/doremimusical.com.br\/2019\/wp-content\/uploads\/2021\/11\/musimax.png\" alt=\"\" width=\"160\" height=\"52\" \/><\/p>\n","protected":false},"featured_media":216983,"template":"","meta":{"_et_pb_use_builder":"","_et_pb_old_content":"","_et_gb_content_width":""},"product_cat":[79,82,632,330],"product_tag":[],"_links":{"self":[{"href":"https:\/\/doremimusical.com.br\/2019\/wp-json\/wp\/v2\/product\/216982"}],"collection":[{"href":"https:\/\/doremimusical.com.br\/2019\/wp-json\/wp\/v2\/product"}],"about":[{"href":"https:\/\/doremimusical.com.br\/2019\/wp-json\/wp\/v2\/types\/product"}],"wp:featuredmedia":[{"embeddable":true,"href":"https:\/\/doremimusical.com.br\/2019\/wp-json\/wp\/v2\/media\/216983"}],"wp:attachment":[{"href":"https:\/\/doremimusical.com.br\/2019\/wp-json\/wp\/v2\/media?parent=216982"}],"wp:term":[{"taxonomy":"product_cat","embeddable":true,"href":"https:\/\/doremimusical.com.br\/2019\/wp-json\/wp\/v2\/product_cat?post=216982"},{"taxonomy":"product_tag","embeddable":true,"href":"https:\/\/doremimusical.com.br\/2019\/wp-json\/wp\/v2\/product_tag?post=216982"}],"curies":[{"name":"wp","href":"https:\/\/api.w.org\/{rel}","templated":true}]}}