{"id":216970,"date":"2021-11-09T20:32:15","date_gmt":"2021-11-09T20:32:15","guid":{"rendered":"https:\/\/doremimusical.com.br\/2019\/?post_type=product&#038;p=216970"},"modified":"2021-11-09T20:32:16","modified_gmt":"2021-11-09T20:32:16","slug":"estante-de-prato-para-bateria-premium-cbs310","status":"publish","type":"product","link":"https:\/\/doremimusical.com.br\/2019\/produto\/estante-de-prato-para-bateria-premium-cbs310\/","title":{"rendered":"Estante de Prato para Bateria Premium CBS310"},"content":{"rendered":"<p>Estante girafa Premium CBS 310 para pratos de bateria. Um produto resistente feito em metal, pr\u00e1tico e de f\u00e1cil montagem em palcos ou est\u00fadios, possui regulagem de tamanho e de \u00e2ngulo. Possui a constru\u00e7\u00e3o do pedestal tubular, base com ferragem dupla, e p\u00e9s emborrachados que oferecem estabilidade e firmeza nas performances.<\/p>\n<p>Um produto que combina qualidade e pre\u00e7o acess\u00edvel. Sem d\u00favida nenhuma um excelente custo-benef\u00edcio.<\/p>\n<p>Caracter\u00edsticas Gerais<\/p>\n<p>&#8211; Modelo: CBS 310<br \/>\n&#8211; Tipo: Estante girafa<br \/>\n&#8211; Material: Metal<br \/>\n&#8211; Cor: Cromado com detalhes pretos<br \/>\n&#8211; Acabamento: Cromado<br \/>\n&#8211; Regulador de tamanho e \u00e2ngulo<br \/>\n&#8211; Base: Ferragem dupla com p\u00e9s emborrachados<\/p>\n","protected":false},"excerpt":{"rendered":"<p><img loading=\"lazy\" class=\"alignnone size-full wp-image-216974\" src=\"https:\/\/doremimusical.com.br\/2019\/wp-content\/uploads\/2021\/11\/musimax.png\" alt=\"\" width=\"160\" height=\"52\" \/><\/p>\n","protected":false},"featured_media":216971,"template":"","meta":{"_et_pb_use_builder":"","_et_pb_old_content":"","_et_gb_content_width":""},"product_cat":[79,82,632,330],"product_tag":[],"_links":{"self":[{"href":"https:\/\/doremimusical.com.br\/2019\/wp-json\/wp\/v2\/product\/216970"}],"collection":[{"href":"https:\/\/doremimusical.com.br\/2019\/wp-json\/wp\/v2\/product"}],"about":[{"href":"https:\/\/doremimusical.com.br\/2019\/wp-json\/wp\/v2\/types\/product"}],"wp:featuredmedia":[{"embeddable":true,"href":"https:\/\/doremimusical.com.br\/2019\/wp-json\/wp\/v2\/media\/216971"}],"wp:attachment":[{"href":"https:\/\/doremimusical.com.br\/2019\/wp-json\/wp\/v2\/media?parent=216970"}],"wp:term":[{"taxonomy":"product_cat","embeddable":true,"href":"https:\/\/doremimusical.com.br\/2019\/wp-json\/wp\/v2\/product_cat?post=216970"},{"taxonomy":"product_tag","embeddable":true,"href":"https:\/\/doremimusical.com.br\/2019\/wp-json\/wp\/v2\/product_tag?post=216970"}],"curies":[{"name":"wp","href":"https:\/\/api.w.org\/{rel}","templated":true}]}}