{"id":216957,"date":"2021-10-18T18:05:57","date_gmt":"2021-10-18T18:05:57","guid":{"rendered":"https:\/\/doremimusical.com.br\/2019\/?post_type=product&#038;p=216957"},"modified":"2021-10-18T18:05:58","modified_gmt":"2021-10-18T18:05:58","slug":"pele-luen-de-cabra-luen-08","status":"publish","type":"product","link":"https:\/\/doremimusical.com.br\/2019\/produto\/pele-luen-de-cabra-luen-08\/","title":{"rendered":"Pele Luen de Cabra Luen 08&#8243;"},"content":{"rendered":"<p>Pele de cabra no aro para instrumentos de percuss\u00e3o.<\/p>\n<p>Especifica\u00e7\u00f5es t\u00e9cnicas:<\/p>\n<p>&#8211; Modelo: 12084<br \/>\n&#8211; Pele Animal (Cabra)<br \/>\n&#8211; Medida: 11&#8243;<br \/>\n&#8211; Indicado para Instrumentos de Percuss\u00e3o<\/p>\n","protected":false},"excerpt":{"rendered":"<p><img loading=\"lazy\" class=\"alignnone  wp-image-212366\" src=\"https:\/\/doremimusical.com.br\/2019\/wp-content\/uploads\/2019\/09\/Luen.png\" alt=\"\" width=\"140\" height=\"58\" srcset=\"https:\/\/doremimusical.com.br\/2019\/wp-content\/uploads\/2019\/09\/Luen.png 164w, https:\/\/doremimusical.com.br\/2019\/wp-content\/uploads\/2019\/09\/Luen-150x62.png 150w\" sizes=\"(max-width: 140px) 100vw, 140px\" \/><\/p>\n","protected":false},"featured_media":216959,"template":"","meta":{"_et_pb_use_builder":"","_et_pb_old_content":"","_et_gb_content_width":""},"product_cat":[79,82,324,323,330],"product_tag":[],"_links":{"self":[{"href":"https:\/\/doremimusical.com.br\/2019\/wp-json\/wp\/v2\/product\/216957"}],"collection":[{"href":"https:\/\/doremimusical.com.br\/2019\/wp-json\/wp\/v2\/product"}],"about":[{"href":"https:\/\/doremimusical.com.br\/2019\/wp-json\/wp\/v2\/types\/product"}],"wp:featuredmedia":[{"embeddable":true,"href":"https:\/\/doremimusical.com.br\/2019\/wp-json\/wp\/v2\/media\/216959"}],"wp:attachment":[{"href":"https:\/\/doremimusical.com.br\/2019\/wp-json\/wp\/v2\/media?parent=216957"}],"wp:term":[{"taxonomy":"product_cat","embeddable":true,"href":"https:\/\/doremimusical.com.br\/2019\/wp-json\/wp\/v2\/product_cat?post=216957"},{"taxonomy":"product_tag","embeddable":true,"href":"https:\/\/doremimusical.com.br\/2019\/wp-json\/wp\/v2\/product_tag?post=216957"}],"curies":[{"name":"wp","href":"https:\/\/api.w.org\/{rel}","templated":true}]}}