{"id":216955,"date":"2021-10-18T17:57:34","date_gmt":"2021-10-18T17:57:34","guid":{"rendered":"https:\/\/doremimusical.com.br\/2019\/?post_type=product&#038;p=216955"},"modified":"2021-10-18T17:57:34","modified_gmt":"2021-10-18T17:57:34","slug":"pele-luen-animal-35-cm-sem-o-aro","status":"publish","type":"product","link":"https:\/\/doremimusical.com.br\/2019\/produto\/pele-luen-animal-35-cm-sem-o-aro\/","title":{"rendered":"Pele Luen Animal 35 cm sem o aro"},"content":{"rendered":"<p>Pele Animal Luen sem o aro 35 cm<\/p>\n<p>A pele sem aro da Luen, \u00e9 indicada para m\u00fasicos de todos os n\u00edveis. Possui boa resposta, sonoridade, durabilidade e rela\u00e7\u00e3o custo X benef\u00edcio.<\/p>\n<p>Caracter\u00edsticas e especifica\u00e7\u00f5es:<\/p>\n<p>&#8211; Para Percuss\u00e3o: Surdo, Tantam, Repique<br \/>\n&#8211; Material: Pele Animal<br \/>\n&#8211; Di\u00e2metro: Aproximadamente 13,78&#8243;<br \/>\n&#8211; Marca: Luen<\/p>\n<p>Marca: Luen<br \/>\nTipo de Filme: Pele Animal<br \/>\nTamanho Polegadas : 35cm<br \/>\nAplica\u00e7\u00e3o: Pele para percuss\u00e3o<\/p>\n","protected":false},"excerpt":{"rendered":"<p><img loading=\"lazy\" class=\"alignnone  wp-image-212366\" src=\"https:\/\/doremimusical.com.br\/2019\/wp-content\/uploads\/2019\/09\/Luen.png\" alt=\"\" width=\"147\" height=\"61\" srcset=\"https:\/\/doremimusical.com.br\/2019\/wp-content\/uploads\/2019\/09\/Luen.png 164w, https:\/\/doremimusical.com.br\/2019\/wp-content\/uploads\/2019\/09\/Luen-150x62.png 150w\" sizes=\"(max-width: 147px) 100vw, 147px\" \/><\/p>\n","protected":false},"featured_media":216956,"template":"","meta":{"_et_pb_use_builder":"","_et_pb_old_content":"","_et_gb_content_width":""},"product_cat":[79,82,324,323,330],"product_tag":[],"_links":{"self":[{"href":"https:\/\/doremimusical.com.br\/2019\/wp-json\/wp\/v2\/product\/216955"}],"collection":[{"href":"https:\/\/doremimusical.com.br\/2019\/wp-json\/wp\/v2\/product"}],"about":[{"href":"https:\/\/doremimusical.com.br\/2019\/wp-json\/wp\/v2\/types\/product"}],"wp:featuredmedia":[{"embeddable":true,"href":"https:\/\/doremimusical.com.br\/2019\/wp-json\/wp\/v2\/media\/216956"}],"wp:attachment":[{"href":"https:\/\/doremimusical.com.br\/2019\/wp-json\/wp\/v2\/media?parent=216955"}],"wp:term":[{"taxonomy":"product_cat","embeddable":true,"href":"https:\/\/doremimusical.com.br\/2019\/wp-json\/wp\/v2\/product_cat?post=216955"},{"taxonomy":"product_tag","embeddable":true,"href":"https:\/\/doremimusical.com.br\/2019\/wp-json\/wp\/v2\/product_tag?post=216955"}],"curies":[{"name":"wp","href":"https:\/\/api.w.org\/{rel}","templated":true}]}}