{"id":216954,"date":"2021-10-18T17:49:37","date_gmt":"2021-10-18T17:49:37","guid":{"rendered":"https:\/\/doremimusical.com.br\/2019\/?post_type=product&#038;p=216954"},"modified":"2021-10-18T17:50:07","modified_gmt":"2021-10-18T17:50:07","slug":"216954","status":"publish","type":"product","link":"https:\/\/doremimusical.com.br\/2019\/produto\/216954\/","title":{"rendered":"Pele Luen Hydraglide Clear Filme Duplo Hidr\u00e1ulica Transparente 8"},"content":{"rendered":"<p>Hydraglide Clear<br \/>\nFilme Duplo Hidr\u00e1ulica Transparente 8&#8243;<\/p>\n<p>* Sonoridade grave, bem definida, sustain de curto pra m\u00e9dio e som balanceado<br \/>\n* \u00d3tima durabilidade<br \/>\n* Som similar \u00e0 Evans Hydraulic<br \/>\n* Mais pesada que Remo Emperor e Evans G2<\/p>\n<p>Tem uma sonoridade mais dry (seca). Seu grave \u00e9 profundo e o decay curto. Sonoridade excelente para som tribal onde o couro \u00e9 a refer\u00eancia.<br \/>\nAs peles Dudu Portes Hydraglide s\u00e3o duplo filme e usam um flu\u00eddo hidr\u00e1ulico entre suas camadas para produzir um som grave e moderadamente seco. Com excelente volume responde aos sons graves com profundidade, somado de um \u201cestalado\u201d pr\u00f3prio o que d\u00e1 uma caracter\u00edstica sonora \u00fanica e especial. Trabalham bem em afina\u00e7\u00e3o m\u00e9dia e grave.<\/p>\n","protected":false},"excerpt":{"rendered":"<p><img loading=\"lazy\" class=\"alignnone wp-image-212366\" src=\"https:\/\/doremimusical.com.br\/2019\/wp-content\/uploads\/2019\/09\/Luen.png\" alt=\"\" width=\"147\" height=\"61\" srcset=\"https:\/\/doremimusical.com.br\/2019\/wp-content\/uploads\/2019\/09\/Luen.png 164w, https:\/\/doremimusical.com.br\/2019\/wp-content\/uploads\/2019\/09\/Luen-150x62.png 150w\" sizes=\"(max-width: 147px) 100vw, 147px\" \/><\/p>\n","protected":false},"featured_media":216950,"template":"","meta":{"_et_pb_use_builder":"","_et_pb_old_content":"","_et_gb_content_width":""},"product_cat":[79,82,324,323,330],"product_tag":[],"_links":{"self":[{"href":"https:\/\/doremimusical.com.br\/2019\/wp-json\/wp\/v2\/product\/216954"}],"collection":[{"href":"https:\/\/doremimusical.com.br\/2019\/wp-json\/wp\/v2\/product"}],"about":[{"href":"https:\/\/doremimusical.com.br\/2019\/wp-json\/wp\/v2\/types\/product"}],"wp:featuredmedia":[{"embeddable":true,"href":"https:\/\/doremimusical.com.br\/2019\/wp-json\/wp\/v2\/media\/216950"}],"wp:attachment":[{"href":"https:\/\/doremimusical.com.br\/2019\/wp-json\/wp\/v2\/media?parent=216954"}],"wp:term":[{"taxonomy":"product_cat","embeddable":true,"href":"https:\/\/doremimusical.com.br\/2019\/wp-json\/wp\/v2\/product_cat?post=216954"},{"taxonomy":"product_tag","embeddable":true,"href":"https:\/\/doremimusical.com.br\/2019\/wp-json\/wp\/v2\/product_tag?post=216954"}],"curies":[{"name":"wp","href":"https:\/\/api.w.org\/{rel}","templated":true}]}}