{"id":216947,"date":"2021-10-18T17:38:35","date_gmt":"2021-10-18T17:38:35","guid":{"rendered":"https:\/\/doremimusical.com.br\/2019\/?post_type=product&#038;p=216947"},"modified":"2021-10-18T17:38:36","modified_gmt":"2021-10-18T17:38:36","slug":"pele-luen-14-dudu-portes-dry-snare-coated-premium","status":"publish","type":"product","link":"https:\/\/doremimusical.com.br\/2019\/produto\/pele-luen-14-dudu-portes-dry-snare-coated-premium\/","title":{"rendered":"Pele Luen 14 Dudu Portes Dry Snare Coated Premium"},"content":{"rendered":"<p>Possui som aveludado, alta durabilidade, harm\u00f4nicos controlados, ataque r\u00e1pido e com sens\u00edvel range din\u00e2mico. Esse modelo de pele oferece diversas possibilidades de uso por ser um produto extremamente vers\u00e1til, abrangendo os mais diversos ritmos musicais, do tradicional ao moderno.<\/p>\n<p>Possui um anel interno abafador garantindo a sonoridade ideal para sua caixa, proporcionando ataque r\u00e1pido, som brilhante com os harm\u00f4nicos ideais.<\/p>\n<p>Marca:\u00a0Luen<\/p>\n<p>C\u00f3digo do produto:\u00a011269<\/p>\n<p>Modelo:\u00a0Dry Snare Coated Premium<\/p>\n<p>Tamanho:\u00a014&#8243;<\/p>\n<p>Cor:\u00a0Acizentada<\/p>\n<p>Filme simples: Sim<\/p>\n<p>Anel abafador interno: Sim<\/p>\n<p>Espessura do filme: 12 mil<\/p>\n<p>Finalidade:\u00a0Pele para caixa<\/p>\n","protected":false},"excerpt":{"rendered":"<p><img loading=\"lazy\" class=\"alignnone  wp-image-212366\" src=\"https:\/\/doremimusical.com.br\/2019\/wp-content\/uploads\/2019\/09\/Luen.png\" alt=\"\" width=\"140\" height=\"58\" srcset=\"https:\/\/doremimusical.com.br\/2019\/wp-content\/uploads\/2019\/09\/Luen.png 164w, https:\/\/doremimusical.com.br\/2019\/wp-content\/uploads\/2019\/09\/Luen-150x62.png 150w\" sizes=\"(max-width: 140px) 100vw, 140px\" \/><\/p>\n","protected":false},"featured_media":216948,"template":"","meta":{"_et_pb_use_builder":"","_et_pb_old_content":"","_et_gb_content_width":""},"product_cat":[79,82,324,323,330],"product_tag":[],"_links":{"self":[{"href":"https:\/\/doremimusical.com.br\/2019\/wp-json\/wp\/v2\/product\/216947"}],"collection":[{"href":"https:\/\/doremimusical.com.br\/2019\/wp-json\/wp\/v2\/product"}],"about":[{"href":"https:\/\/doremimusical.com.br\/2019\/wp-json\/wp\/v2\/types\/product"}],"wp:featuredmedia":[{"embeddable":true,"href":"https:\/\/doremimusical.com.br\/2019\/wp-json\/wp\/v2\/media\/216948"}],"wp:attachment":[{"href":"https:\/\/doremimusical.com.br\/2019\/wp-json\/wp\/v2\/media?parent=216947"}],"wp:term":[{"taxonomy":"product_cat","embeddable":true,"href":"https:\/\/doremimusical.com.br\/2019\/wp-json\/wp\/v2\/product_cat?post=216947"},{"taxonomy":"product_tag","embeddable":true,"href":"https:\/\/doremimusical.com.br\/2019\/wp-json\/wp\/v2\/product_tag?post=216947"}],"curies":[{"name":"wp","href":"https:\/\/api.w.org\/{rel}","templated":true}]}}