{"id":216944,"date":"2021-10-18T17:32:13","date_gmt":"2021-10-18T17:32:13","guid":{"rendered":"https:\/\/doremimusical.com.br\/2019\/?post_type=product&#038;p=216944"},"modified":"2021-10-18T17:32:13","modified_gmt":"2021-10-18T17:32:13","slug":"kit-pele-luen-dudu-portes-double-clear-fusion-20","status":"publish","type":"product","link":"https:\/\/doremimusical.com.br\/2019\/produto\/kit-pele-luen-dudu-portes-double-clear-fusion-20\/","title":{"rendered":"Kit Pele Luen Dudu Portes Double Clear Fusion 20"},"content":{"rendered":"<p>Pele produzida com duas camadas de poli\u00e9ster transparente. Som \u00e9 firme e encorpado, grave profundo, de ataque moderado, com maior controle de harm\u00f4nicos de alta frequencia (high overtones) e m\u00e9dio sustain. Ideal para quem procura um som heavy ou trabalha com afina\u00e7\u00e3o m\u00e9dia \u2013 baixa, com \u00f3timo resultado para o rock pesado e fusion. As peles de bumbo surpreendem pela qualidade de som e grande poder de punch. Pele batedeira de bumbo dispon\u00edvel tamb\u00e9m com anel em poli\u00e9ster (MR).<\/p>\n<p>Referencia: 11168<br \/>\nLinha: Double Clear Fusion<br \/>\nPolegada: 10, 12, 14, 14 coated e 20<br \/>\nTipo: Transparente<br \/>\nFabrica\u00e7\u00e3o: Nacional<br \/>\nImportado por: Luen Drumheads<\/p>\n","protected":false},"excerpt":{"rendered":"<p><img loading=\"lazy\" class=\"alignnone  wp-image-212366\" src=\"https:\/\/doremimusical.com.br\/2019\/wp-content\/uploads\/2019\/09\/Luen.png\" alt=\"\" width=\"137\" height=\"57\" srcset=\"https:\/\/doremimusical.com.br\/2019\/wp-content\/uploads\/2019\/09\/Luen.png 164w, https:\/\/doremimusical.com.br\/2019\/wp-content\/uploads\/2019\/09\/Luen-150x62.png 150w\" sizes=\"(max-width: 137px) 100vw, 137px\" \/><\/p>\n","protected":false},"featured_media":216945,"template":"","meta":{"_et_pb_use_builder":"","_et_pb_old_content":"","_et_gb_content_width":""},"product_cat":[79,82,324,323,330],"product_tag":[],"_links":{"self":[{"href":"https:\/\/doremimusical.com.br\/2019\/wp-json\/wp\/v2\/product\/216944"}],"collection":[{"href":"https:\/\/doremimusical.com.br\/2019\/wp-json\/wp\/v2\/product"}],"about":[{"href":"https:\/\/doremimusical.com.br\/2019\/wp-json\/wp\/v2\/types\/product"}],"wp:featuredmedia":[{"embeddable":true,"href":"https:\/\/doremimusical.com.br\/2019\/wp-json\/wp\/v2\/media\/216945"}],"wp:attachment":[{"href":"https:\/\/doremimusical.com.br\/2019\/wp-json\/wp\/v2\/media?parent=216944"}],"wp:term":[{"taxonomy":"product_cat","embeddable":true,"href":"https:\/\/doremimusical.com.br\/2019\/wp-json\/wp\/v2\/product_cat?post=216944"},{"taxonomy":"product_tag","embeddable":true,"href":"https:\/\/doremimusical.com.br\/2019\/wp-json\/wp\/v2\/product_tag?post=216944"}],"curies":[{"name":"wp","href":"https:\/\/api.w.org\/{rel}","templated":true}]}}