{"id":216934,"date":"2021-10-15T21:54:13","date_gmt":"2021-10-15T21:54:13","guid":{"rendered":"https:\/\/doremimusical.com.br\/2019\/?post_type=product&#038;p=216934"},"modified":"2021-10-15T21:54:13","modified_gmt":"2021-10-15T21:54:13","slug":"baqueta-liverpool-kids-classic-series-azul","status":"publish","type":"product","link":"https:\/\/doremimusical.com.br\/2019\/produto\/baqueta-liverpool-kids-classic-series-azul\/","title":{"rendered":"Baqueta Liverpool Kids Classic Series &#8211; Azul"},"content":{"rendered":"<p>Ponta de Madeira pequena Oval. Desenvolvida para criancas de 3 a 8 anos. Proporciona maior facilidade nos toques, com excelente sonoridade, sendo muito utilizada em baterias infantis ou de pequeno porte. Dispon\u00edvel na cor azul.<\/p>\n<p>Especifica\u00e7\u00f5es T\u00e9cnicas<\/p>\n<p>Com: 320mm<\/p>\n<p>Dia: 14 mm<\/p>\n","protected":false},"excerpt":{"rendered":"<p><img loading=\"lazy\" class=\"alignnone size-full wp-image-212351\" src=\"https:\/\/doremimusical.com.br\/2019\/wp-content\/uploads\/2019\/09\/Liverpool.png\" alt=\"\" width=\"157\" height=\"41\" srcset=\"https:\/\/doremimusical.com.br\/2019\/wp-content\/uploads\/2019\/09\/Liverpool.png 157w, https:\/\/doremimusical.com.br\/2019\/wp-content\/uploads\/2019\/09\/Liverpool-150x39.png 150w\" sizes=\"(max-width: 157px) 100vw, 157px\" \/><\/p>\n","protected":false},"featured_media":216936,"template":"","meta":{"_et_pb_use_builder":"","_et_pb_old_content":"","_et_gb_content_width":""},"product_cat":[79,82,488,629,330],"product_tag":[],"_links":{"self":[{"href":"https:\/\/doremimusical.com.br\/2019\/wp-json\/wp\/v2\/product\/216934"}],"collection":[{"href":"https:\/\/doremimusical.com.br\/2019\/wp-json\/wp\/v2\/product"}],"about":[{"href":"https:\/\/doremimusical.com.br\/2019\/wp-json\/wp\/v2\/types\/product"}],"wp:featuredmedia":[{"embeddable":true,"href":"https:\/\/doremimusical.com.br\/2019\/wp-json\/wp\/v2\/media\/216936"}],"wp:attachment":[{"href":"https:\/\/doremimusical.com.br\/2019\/wp-json\/wp\/v2\/media?parent=216934"}],"wp:term":[{"taxonomy":"product_cat","embeddable":true,"href":"https:\/\/doremimusical.com.br\/2019\/wp-json\/wp\/v2\/product_cat?post=216934"},{"taxonomy":"product_tag","embeddable":true,"href":"https:\/\/doremimusical.com.br\/2019\/wp-json\/wp\/v2\/product_tag?post=216934"}],"curies":[{"name":"wp","href":"https:\/\/api.w.org\/{rel}","templated":true}]}}