{"id":216917,"date":"2021-10-14T14:32:37","date_gmt":"2021-10-14T14:32:37","guid":{"rendered":"https:\/\/doremimusical.com.br\/2019\/?post_type=product&#038;p=216917"},"modified":"2021-10-14T14:32:37","modified_gmt":"2021-10-14T14:32:37","slug":"baqueta-liverpool-jazz-series-ragtime-ponta-de-madeira-marfim","status":"publish","type":"product","link":"https:\/\/doremimusical.com.br\/2019\/produto\/baqueta-liverpool-jazz-series-ragtime-ponta-de-madeira-marfim\/","title":{"rendered":"Baqueta Liverpool Jazz Series Ragtime Ponta de Madeira &#8211; Marfim"},"content":{"rendered":"<p>Ponta com cabe\u00e7a de madeira pequena em forma de flecha, mais arredondada. Produz sonoridade mais aguda e clara nos pratos. Como o pr\u00f3prio nome diz, uma baqueta designada para levadas muito sincopadas e cheias de contra tempos.<br \/>\nEspecifica\u00e7\u00f5es t\u00e9cnicas:<br \/>\ncomp. 410mm<br \/>\ndia. 13,5mm<\/p>\n","protected":false},"excerpt":{"rendered":"<p><img loading=\"lazy\" class=\"alignnone size-full wp-image-212351\" src=\"https:\/\/doremimusical.com.br\/2019\/wp-content\/uploads\/2019\/09\/Liverpool.png\" alt=\"\" width=\"157\" height=\"41\" srcset=\"https:\/\/doremimusical.com.br\/2019\/wp-content\/uploads\/2019\/09\/Liverpool.png 157w, https:\/\/doremimusical.com.br\/2019\/wp-content\/uploads\/2019\/09\/Liverpool-150x39.png 150w\" sizes=\"(max-width: 157px) 100vw, 157px\" \/><\/p>\n","protected":false},"featured_media":216919,"template":"","meta":{"_et_pb_use_builder":"","_et_pb_old_content":"","_et_gb_content_width":""},"product_cat":[79,82,488,629,330],"product_tag":[],"_links":{"self":[{"href":"https:\/\/doremimusical.com.br\/2019\/wp-json\/wp\/v2\/product\/216917"}],"collection":[{"href":"https:\/\/doremimusical.com.br\/2019\/wp-json\/wp\/v2\/product"}],"about":[{"href":"https:\/\/doremimusical.com.br\/2019\/wp-json\/wp\/v2\/types\/product"}],"wp:featuredmedia":[{"embeddable":true,"href":"https:\/\/doremimusical.com.br\/2019\/wp-json\/wp\/v2\/media\/216919"}],"wp:attachment":[{"href":"https:\/\/doremimusical.com.br\/2019\/wp-json\/wp\/v2\/media?parent=216917"}],"wp:term":[{"taxonomy":"product_cat","embeddable":true,"href":"https:\/\/doremimusical.com.br\/2019\/wp-json\/wp\/v2\/product_cat?post=216917"},{"taxonomy":"product_tag","embeddable":true,"href":"https:\/\/doremimusical.com.br\/2019\/wp-json\/wp\/v2\/product_tag?post=216917"}],"curies":[{"name":"wp","href":"https:\/\/api.w.org\/{rel}","templated":true}]}}