{"id":216914,"date":"2021-10-14T14:27:37","date_gmt":"2021-10-14T14:27:37","guid":{"rendered":"https:\/\/doremimusical.com.br\/2019\/?post_type=product&#038;p=216914"},"modified":"2021-10-15T20:40:48","modified_gmt":"2021-10-15T20:40:48","slug":"bauweta-liverpool-jazz-series-touch-ponta-de-madeira-marfim","status":"publish","type":"product","link":"https:\/\/doremimusical.com.br\/2019\/produto\/bauweta-liverpool-jazz-series-touch-ponta-de-madeira-marfim\/","title":{"rendered":"Baqueta Liverpool Jazz Series Touch Ponta de Madeira &#8211; Marfim"},"content":{"rendered":"<p>Ponta de madeira com a cabe\u00e7a bem pequena em forma de flecha, levemente cil\u00edndrica. A menor e mais leve baqueta da linha. Sonoridade suave com boa defini\u00e7\u00e3o nos pratos. Para situa\u00e7\u00f5es onde a levada \u00e9 mais sutil.<br \/>\nEspecifica\u00e7\u00f5es t\u00e9cnicas:<br \/>\ncomp. 405mm<br \/>\ndia. 12,8mm<\/p>\n","protected":false},"excerpt":{"rendered":"<p><img loading=\"lazy\" class=\"alignnone size-full wp-image-212351\" src=\"https:\/\/doremimusical.com.br\/2019\/wp-content\/uploads\/2019\/09\/Liverpool.png\" alt=\"\" width=\"157\" height=\"41\" srcset=\"https:\/\/doremimusical.com.br\/2019\/wp-content\/uploads\/2019\/09\/Liverpool.png 157w, https:\/\/doremimusical.com.br\/2019\/wp-content\/uploads\/2019\/09\/Liverpool-150x39.png 150w\" sizes=\"(max-width: 157px) 100vw, 157px\" \/><\/p>\n","protected":false},"featured_media":216916,"template":"","meta":{"_et_pb_use_builder":"","_et_pb_old_content":"","_et_gb_content_width":""},"product_cat":[79,82,488,629,330],"product_tag":[],"_links":{"self":[{"href":"https:\/\/doremimusical.com.br\/2019\/wp-json\/wp\/v2\/product\/216914"}],"collection":[{"href":"https:\/\/doremimusical.com.br\/2019\/wp-json\/wp\/v2\/product"}],"about":[{"href":"https:\/\/doremimusical.com.br\/2019\/wp-json\/wp\/v2\/types\/product"}],"wp:featuredmedia":[{"embeddable":true,"href":"https:\/\/doremimusical.com.br\/2019\/wp-json\/wp\/v2\/media\/216916"}],"wp:attachment":[{"href":"https:\/\/doremimusical.com.br\/2019\/wp-json\/wp\/v2\/media?parent=216914"}],"wp:term":[{"taxonomy":"product_cat","embeddable":true,"href":"https:\/\/doremimusical.com.br\/2019\/wp-json\/wp\/v2\/product_cat?post=216914"},{"taxonomy":"product_tag","embeddable":true,"href":"https:\/\/doremimusical.com.br\/2019\/wp-json\/wp\/v2\/product_tag?post=216914"}],"curies":[{"name":"wp","href":"https:\/\/api.w.org\/{rel}","templated":true}]}}