{"id":216906,"date":"2021-10-14T14:17:51","date_gmt":"2021-10-14T14:17:51","guid":{"rendered":"https:\/\/doremimusical.com.br\/2019\/?post_type=product&#038;p=216906"},"modified":"2021-10-14T14:17:51","modified_gmt":"2021-10-14T14:17:51","slug":"vassourinha-liverpool-para-cajon-samba-jazz","status":"publish","type":"product","link":"https:\/\/doremimusical.com.br\/2019\/produto\/vassourinha-liverpool-para-cajon-samba-jazz\/","title":{"rendered":"Vassourinha Liverpool Para Cajon &#8211; Samba Jazz"},"content":{"rendered":"<p>Esta baqueta tem duas op\u00e7\u00f5es bem definidas. Por ser uma baqueta retr\u00e1til, o uso sem as pia\u00e7avas define uma batida mais grave, pela densidade da borracha.<br \/>\nE se usarmos a com as pia\u00e7avas junto com a borracha, fica com uma sonoridade de estar tocando em uma pele de bumbo porosa sem perder a fidelidade do som do instrumento.<\/p>\n","protected":false},"excerpt":{"rendered":"<p><img loading=\"lazy\" class=\"alignnone size-full wp-image-212351\" src=\"https:\/\/doremimusical.com.br\/2019\/wp-content\/uploads\/2019\/09\/Liverpool.png\" alt=\"\" width=\"157\" height=\"41\" srcset=\"https:\/\/doremimusical.com.br\/2019\/wp-content\/uploads\/2019\/09\/Liverpool.png 157w, https:\/\/doremimusical.com.br\/2019\/wp-content\/uploads\/2019\/09\/Liverpool-150x39.png 150w\" sizes=\"(max-width: 157px) 100vw, 157px\" \/><\/p>\n","protected":false},"featured_media":216907,"template":"","meta":{"_et_pb_use_builder":"","_et_pb_old_content":"","_et_gb_content_width":""},"product_cat":[79,82,488,629,330],"product_tag":[],"_links":{"self":[{"href":"https:\/\/doremimusical.com.br\/2019\/wp-json\/wp\/v2\/product\/216906"}],"collection":[{"href":"https:\/\/doremimusical.com.br\/2019\/wp-json\/wp\/v2\/product"}],"about":[{"href":"https:\/\/doremimusical.com.br\/2019\/wp-json\/wp\/v2\/types\/product"}],"wp:featuredmedia":[{"embeddable":true,"href":"https:\/\/doremimusical.com.br\/2019\/wp-json\/wp\/v2\/media\/216907"}],"wp:attachment":[{"href":"https:\/\/doremimusical.com.br\/2019\/wp-json\/wp\/v2\/media?parent=216906"}],"wp:term":[{"taxonomy":"product_cat","embeddable":true,"href":"https:\/\/doremimusical.com.br\/2019\/wp-json\/wp\/v2\/product_cat?post=216906"},{"taxonomy":"product_tag","embeddable":true,"href":"https:\/\/doremimusical.com.br\/2019\/wp-json\/wp\/v2\/product_tag?post=216906"}],"curies":[{"name":"wp","href":"https:\/\/api.w.org\/{rel}","templated":true}]}}