{"id":216900,"date":"2021-10-14T14:09:52","date_gmt":"2021-10-14T14:09:52","guid":{"rendered":"https:\/\/doremimusical.com.br\/2019\/?post_type=product&#038;p=216900"},"modified":"2021-10-14T14:09:53","modified_gmt":"2021-10-14T14:09:53","slug":"vassourinha-liverpool-para-cajon-pop-rock","status":"publish","type":"product","link":"https:\/\/doremimusical.com.br\/2019\/produto\/vassourinha-liverpool-para-cajon-pop-rock\/","title":{"rendered":"Vassourinha Liverpool Para Cajon &#8211; Pop Rock"},"content":{"rendered":"<p>\u00c9 uma baqueta um pouco mais pesada para uma pegada mais firme nas varia\u00e7\u00f5es do POP ROCK. Com as varetas de nylon mais grossas e r\u00edgidas, com a finalidade de fazer sobressair mais a pegada da caixa, e dar mais sonoridade. Seu uso tamb\u00e9m \u00e9 recomendado nos pratos de condu\u00e7\u00e3o e corte, assim como em pandereta, bloks , cowbels e tamborim no SAMBA ROCK. Vassourinha retr\u00e1til.<\/p>\n","protected":false},"excerpt":{"rendered":"<p><img loading=\"lazy\" class=\"alignnone size-full wp-image-212351\" src=\"https:\/\/doremimusical.com.br\/2019\/wp-content\/uploads\/2019\/09\/Liverpool.png\" alt=\"\" width=\"157\" height=\"41\" srcset=\"https:\/\/doremimusical.com.br\/2019\/wp-content\/uploads\/2019\/09\/Liverpool.png 157w, https:\/\/doremimusical.com.br\/2019\/wp-content\/uploads\/2019\/09\/Liverpool-150x39.png 150w\" sizes=\"(max-width: 157px) 100vw, 157px\" \/><\/p>\n","protected":false},"featured_media":216902,"template":"","meta":{"_et_pb_use_builder":"","_et_pb_old_content":"","_et_gb_content_width":""},"product_cat":[79,82,488,629,330],"product_tag":[],"_links":{"self":[{"href":"https:\/\/doremimusical.com.br\/2019\/wp-json\/wp\/v2\/product\/216900"}],"collection":[{"href":"https:\/\/doremimusical.com.br\/2019\/wp-json\/wp\/v2\/product"}],"about":[{"href":"https:\/\/doremimusical.com.br\/2019\/wp-json\/wp\/v2\/types\/product"}],"wp:featuredmedia":[{"embeddable":true,"href":"https:\/\/doremimusical.com.br\/2019\/wp-json\/wp\/v2\/media\/216902"}],"wp:attachment":[{"href":"https:\/\/doremimusical.com.br\/2019\/wp-json\/wp\/v2\/media?parent=216900"}],"wp:term":[{"taxonomy":"product_cat","embeddable":true,"href":"https:\/\/doremimusical.com.br\/2019\/wp-json\/wp\/v2\/product_cat?post=216900"},{"taxonomy":"product_tag","embeddable":true,"href":"https:\/\/doremimusical.com.br\/2019\/wp-json\/wp\/v2\/product_tag?post=216900"}],"curies":[{"name":"wp","href":"https:\/\/api.w.org\/{rel}","templated":true}]}}