{"id":216896,"date":"2021-10-14T14:05:26","date_gmt":"2021-10-14T14:05:26","guid":{"rendered":"https:\/\/doremimusical.com.br\/2019\/?post_type=product&#038;p=216896"},"modified":"2021-10-14T14:05:27","modified_gmt":"2021-10-14T14:05:27","slug":"vassourinha-liverpool-de-nylon-nylon-brush","status":"publish","type":"product","link":"https:\/\/doremimusical.com.br\/2019\/produto\/vassourinha-liverpool-de-nylon-nylon-brush\/","title":{"rendered":"Vassourinha Liverpool de Nylon \u2013 Nylon Brush"},"content":{"rendered":"<p>O comprimento da extremidade do cabo at\u00e9 as pontas das cerdas est\u00e1 na m\u00e9dia de 33 cm. O leque de abertura total das cerdas fica em torno de 6 a 7 cm. Possui cerdas de nylon grossas e retr\u00e1teis, que podem ser recolhidas para dentro do cabo. Caracteriza-se por uma sonoridade mais aguda e estridente que a vassourinha de a\u00e7o. A grande flexibilidade e o peso leve n\u00e3o impedem que a vassourinha seja usada com bastante press\u00e3o. Ela tamb\u00e9m faz um excelente \u201cchicote\u201d e explora muito bem os sons harm\u00f4nicos das peles. Cabo de alum\u00ednio no comprimento de 19 cm e di\u00e2metro de 1,72 cm, revestido com uma camada pl\u00e1stica.<\/p>\n","protected":false},"excerpt":{"rendered":"<p><img loading=\"lazy\" class=\"alignnone size-full wp-image-212351\" src=\"https:\/\/doremimusical.com.br\/2019\/wp-content\/uploads\/2019\/09\/Liverpool.png\" alt=\"\" width=\"157\" height=\"41\" srcset=\"https:\/\/doremimusical.com.br\/2019\/wp-content\/uploads\/2019\/09\/Liverpool.png 157w, https:\/\/doremimusical.com.br\/2019\/wp-content\/uploads\/2019\/09\/Liverpool-150x39.png 150w\" sizes=\"(max-width: 157px) 100vw, 157px\" \/><\/p>\n","protected":false},"featured_media":216898,"template":"","meta":{"_et_pb_use_builder":"","_et_pb_old_content":"","_et_gb_content_width":""},"product_cat":[79,82,488,629,330],"product_tag":[],"_links":{"self":[{"href":"https:\/\/doremimusical.com.br\/2019\/wp-json\/wp\/v2\/product\/216896"}],"collection":[{"href":"https:\/\/doremimusical.com.br\/2019\/wp-json\/wp\/v2\/product"}],"about":[{"href":"https:\/\/doremimusical.com.br\/2019\/wp-json\/wp\/v2\/types\/product"}],"wp:featuredmedia":[{"embeddable":true,"href":"https:\/\/doremimusical.com.br\/2019\/wp-json\/wp\/v2\/media\/216898"}],"wp:attachment":[{"href":"https:\/\/doremimusical.com.br\/2019\/wp-json\/wp\/v2\/media?parent=216896"}],"wp:term":[{"taxonomy":"product_cat","embeddable":true,"href":"https:\/\/doremimusical.com.br\/2019\/wp-json\/wp\/v2\/product_cat?post=216896"},{"taxonomy":"product_tag","embeddable":true,"href":"https:\/\/doremimusical.com.br\/2019\/wp-json\/wp\/v2\/product_tag?post=216896"}],"curies":[{"name":"wp","href":"https:\/\/api.w.org\/{rel}","templated":true}]}}