{"id":216890,"date":"2021-10-14T13:56:30","date_gmt":"2021-10-14T13:56:30","guid":{"rendered":"https:\/\/doremimusical.com.br\/2019\/?post_type=product&#038;p=216890"},"modified":"2021-10-14T13:56:30","modified_gmt":"2021-10-14T13:56:30","slug":"baqueta-liverpool-dupla-para-tamborim-em-polipropileno","status":"publish","type":"product","link":"https:\/\/doremimusical.com.br\/2019\/produto\/baqueta-liverpool-dupla-para-tamborim-em-polipropileno\/","title":{"rendered":"Baqueta Liverpool Dupla para Tamborim em Polipropileno"},"content":{"rendered":"<p>Baqueta tipo \u201cespaguete\u201d para tamborim, constitu\u00edda por cabo e duas hastes paralelas de polipropileno. Oferece muita proje\u00e7\u00e3o e boa defini\u00e7\u00e3o nos toques.<br \/>\n<strong><em>Especifica\u00e7\u00f5es T\u00e9cnicas<\/em><\/strong><strong><br \/>\n<\/strong><strong>comp. 375mm<\/strong><strong><br \/>\n<\/strong><strong>dia. 5,5mm<\/strong><\/p>\n","protected":false},"excerpt":{"rendered":"<p><img loading=\"lazy\" class=\"alignnone size-full wp-image-212351\" src=\"https:\/\/doremimusical.com.br\/2019\/wp-content\/uploads\/2019\/09\/Liverpool.png\" alt=\"\" width=\"157\" height=\"41\" srcset=\"https:\/\/doremimusical.com.br\/2019\/wp-content\/uploads\/2019\/09\/Liverpool.png 157w, https:\/\/doremimusical.com.br\/2019\/wp-content\/uploads\/2019\/09\/Liverpool-150x39.png 150w\" sizes=\"(max-width: 157px) 100vw, 157px\" \/><\/p>\n","protected":false},"featured_media":216892,"template":"","meta":{"_et_pb_use_builder":"","_et_pb_old_content":"","_et_gb_content_width":""},"product_cat":[79,82,488,629,330],"product_tag":[],"_links":{"self":[{"href":"https:\/\/doremimusical.com.br\/2019\/wp-json\/wp\/v2\/product\/216890"}],"collection":[{"href":"https:\/\/doremimusical.com.br\/2019\/wp-json\/wp\/v2\/product"}],"about":[{"href":"https:\/\/doremimusical.com.br\/2019\/wp-json\/wp\/v2\/types\/product"}],"wp:featuredmedia":[{"embeddable":true,"href":"https:\/\/doremimusical.com.br\/2019\/wp-json\/wp\/v2\/media\/216892"}],"wp:attachment":[{"href":"https:\/\/doremimusical.com.br\/2019\/wp-json\/wp\/v2\/media?parent=216890"}],"wp:term":[{"taxonomy":"product_cat","embeddable":true,"href":"https:\/\/doremimusical.com.br\/2019\/wp-json\/wp\/v2\/product_cat?post=216890"},{"taxonomy":"product_tag","embeddable":true,"href":"https:\/\/doremimusical.com.br\/2019\/wp-json\/wp\/v2\/product_tag?post=216890"}],"curies":[{"name":"wp","href":"https:\/\/api.w.org\/{rel}","templated":true}]}}