{"id":216866,"date":"2021-10-13T22:05:45","date_gmt":"2021-10-13T22:05:45","guid":{"rendered":"https:\/\/doremimusical.com.br\/2019\/?post_type=product&#038;p=216866"},"modified":"2021-10-13T22:05:46","modified_gmt":"2021-10-13T22:05:46","slug":"baquetas-liverpool-p-pratos-timpanos-com-feltro-hard","status":"publish","type":"product","link":"https:\/\/doremimusical.com.br\/2019\/produto\/baquetas-liverpool-p-pratos-timpanos-com-feltro-hard\/","title":{"rendered":"Baquetas Liverpool p\/ Pratos T\u00edmpanos com Feltro &#8211; Hard"},"content":{"rendered":"<p>Ma\u00e7aneta com cabe\u00e7a de feltro de alta densidade para t\u00edmpanos. A sonoridade fica mais profunda, pois o impacto desta ma\u00e7aneta sobre a pele \u00e9 mais suave, o que evidencia mais o som pertencente ao tambor.\u00a0\u00a0\u00a0\u00a0<strong><br \/>\n<\/strong><strong><em>Especifica\u00e7\u00f5es T\u00e9cnicas<\/em><\/strong><br \/>\n<strong>comp. 360mm<\/strong><strong><br \/>\n<\/strong><strong>dia.13,5mm<\/strong><\/p>\n","protected":false},"excerpt":{"rendered":"<p><img loading=\"lazy\" class=\"alignnone size-full wp-image-212351\" src=\"https:\/\/doremimusical.com.br\/2019\/wp-content\/uploads\/2019\/09\/Liverpool.png\" alt=\"\" width=\"157\" height=\"41\" srcset=\"https:\/\/doremimusical.com.br\/2019\/wp-content\/uploads\/2019\/09\/Liverpool.png 157w, https:\/\/doremimusical.com.br\/2019\/wp-content\/uploads\/2019\/09\/Liverpool-150x39.png 150w\" sizes=\"(max-width: 157px) 100vw, 157px\" \/><\/p>\n","protected":false},"featured_media":216868,"template":"","meta":{"_et_pb_use_builder":"","_et_pb_old_content":"","_et_gb_content_width":""},"product_cat":[79,82,488,629,330],"product_tag":[],"_links":{"self":[{"href":"https:\/\/doremimusical.com.br\/2019\/wp-json\/wp\/v2\/product\/216866"}],"collection":[{"href":"https:\/\/doremimusical.com.br\/2019\/wp-json\/wp\/v2\/product"}],"about":[{"href":"https:\/\/doremimusical.com.br\/2019\/wp-json\/wp\/v2\/types\/product"}],"wp:featuredmedia":[{"embeddable":true,"href":"https:\/\/doremimusical.com.br\/2019\/wp-json\/wp\/v2\/media\/216868"}],"wp:attachment":[{"href":"https:\/\/doremimusical.com.br\/2019\/wp-json\/wp\/v2\/media?parent=216866"}],"wp:term":[{"taxonomy":"product_cat","embeddable":true,"href":"https:\/\/doremimusical.com.br\/2019\/wp-json\/wp\/v2\/product_cat?post=216866"},{"taxonomy":"product_tag","embeddable":true,"href":"https:\/\/doremimusical.com.br\/2019\/wp-json\/wp\/v2\/product_tag?post=216866"}],"curies":[{"name":"wp","href":"https:\/\/api.w.org\/{rel}","templated":true}]}}