{"id":216863,"date":"2021-10-13T21:58:31","date_gmt":"2021-10-13T21:58:31","guid":{"rendered":"https:\/\/doremimusical.com.br\/2019\/?post_type=product&#038;p=216863"},"modified":"2021-10-13T21:58:32","modified_gmt":"2021-10-13T21:58:32","slug":"baquetas-liverpool-p-pratos-timpanos-com-feltro-soft","status":"publish","type":"product","link":"https:\/\/doremimusical.com.br\/2019\/produto\/baquetas-liverpool-p-pratos-timpanos-com-feltro-soft\/","title":{"rendered":"Baquetas Liverpool p\/ pratos T\u00edmpanos com Feltro &#8211; Soft"},"content":{"rendered":"<p>Modelo com cabe\u00e7a de baixa densidade &#8211; Feltro SOFT. Gera uma sonoridade suave nos pratos. Nos t\u00edmpanos os timbres ficam mais profundos, pois o impacto desta baqueta sobre a pele \u00e9 menor o que evidencia mais o som do tambor.<br \/>\n<strong><em>Especifica\u00e7\u00f5es T\u00e9cnicas<\/em><\/strong><br \/>\n<strong>comp. 395mm<\/strong><strong><br \/>\n<\/strong><strong>dia. 15mm<\/strong><\/p>\n","protected":false},"excerpt":{"rendered":"<p><img loading=\"lazy\" class=\"alignnone size-full wp-image-212351\" src=\"https:\/\/doremimusical.com.br\/2019\/wp-content\/uploads\/2019\/09\/Liverpool.png\" alt=\"\" width=\"157\" height=\"41\" srcset=\"https:\/\/doremimusical.com.br\/2019\/wp-content\/uploads\/2019\/09\/Liverpool.png 157w, https:\/\/doremimusical.com.br\/2019\/wp-content\/uploads\/2019\/09\/Liverpool-150x39.png 150w\" sizes=\"(max-width: 157px) 100vw, 157px\" \/><\/p>\n","protected":false},"featured_media":216865,"template":"","meta":{"_et_pb_use_builder":"","_et_pb_old_content":"","_et_gb_content_width":""},"product_cat":[79,82,488,629,330],"product_tag":[],"_links":{"self":[{"href":"https:\/\/doremimusical.com.br\/2019\/wp-json\/wp\/v2\/product\/216863"}],"collection":[{"href":"https:\/\/doremimusical.com.br\/2019\/wp-json\/wp\/v2\/product"}],"about":[{"href":"https:\/\/doremimusical.com.br\/2019\/wp-json\/wp\/v2\/types\/product"}],"wp:featuredmedia":[{"embeddable":true,"href":"https:\/\/doremimusical.com.br\/2019\/wp-json\/wp\/v2\/media\/216865"}],"wp:attachment":[{"href":"https:\/\/doremimusical.com.br\/2019\/wp-json\/wp\/v2\/media?parent=216863"}],"wp:term":[{"taxonomy":"product_cat","embeddable":true,"href":"https:\/\/doremimusical.com.br\/2019\/wp-json\/wp\/v2\/product_cat?post=216863"},{"taxonomy":"product_tag","embeddable":true,"href":"https:\/\/doremimusical.com.br\/2019\/wp-json\/wp\/v2\/product_tag?post=216863"}],"curies":[{"name":"wp","href":"https:\/\/api.w.org\/{rel}","templated":true}]}}