{"id":216859,"date":"2021-10-13T21:52:23","date_gmt":"2021-10-13T21:52:23","guid":{"rendered":"https:\/\/doremimusical.com.br\/2019\/?post_type=product&#038;p=216859"},"modified":"2021-10-13T21:56:10","modified_gmt":"2021-10-13T21:56:10","slug":"baqueta-liverpool-baqueta-p-pratos-timpanos-com-feltro-medium","status":"publish","type":"product","link":"https:\/\/doremimusical.com.br\/2019\/produto\/baqueta-liverpool-baqueta-p-pratos-timpanos-com-feltro-medium\/","title":{"rendered":"Baqueta Liverpool p\/ pratos T\u00edmpanos com Feltro &#8211; Medium"},"content":{"rendered":"<p>Baqueta com a cabe\u00e7a de m\u00e9dia densidade. Neste modelo encontramos o maior equil\u00edbrio entre ataque e resson\u00e2ncia, ideal para performances em est\u00fadio e ao vivo.<br \/>\n<strong><em>Especifica\u00e7\u00f5es T\u00e9cnicas<\/em><\/strong><br \/>\n<strong>comp. 395mm<\/strong><strong><br \/>\n<\/strong><strong>dia. 15mm<\/strong><\/p>\n","protected":false},"excerpt":{"rendered":"<p><img loading=\"lazy\" class=\"alignnone size-full wp-image-212351\" src=\"https:\/\/doremimusical.com.br\/2019\/wp-content\/uploads\/2019\/09\/Liverpool.png\" alt=\"\" width=\"157\" height=\"41\" srcset=\"https:\/\/doremimusical.com.br\/2019\/wp-content\/uploads\/2019\/09\/Liverpool.png 157w, https:\/\/doremimusical.com.br\/2019\/wp-content\/uploads\/2019\/09\/Liverpool-150x39.png 150w\" sizes=\"(max-width: 157px) 100vw, 157px\" \/><\/p>\n","protected":false},"featured_media":216861,"template":"","meta":{"_et_pb_use_builder":"","_et_pb_old_content":"","_et_gb_content_width":""},"product_cat":[79,82,488,629,330],"product_tag":[],"_links":{"self":[{"href":"https:\/\/doremimusical.com.br\/2019\/wp-json\/wp\/v2\/product\/216859"}],"collection":[{"href":"https:\/\/doremimusical.com.br\/2019\/wp-json\/wp\/v2\/product"}],"about":[{"href":"https:\/\/doremimusical.com.br\/2019\/wp-json\/wp\/v2\/types\/product"}],"wp:featuredmedia":[{"embeddable":true,"href":"https:\/\/doremimusical.com.br\/2019\/wp-json\/wp\/v2\/media\/216861"}],"wp:attachment":[{"href":"https:\/\/doremimusical.com.br\/2019\/wp-json\/wp\/v2\/media?parent=216859"}],"wp:term":[{"taxonomy":"product_cat","embeddable":true,"href":"https:\/\/doremimusical.com.br\/2019\/wp-json\/wp\/v2\/product_cat?post=216859"},{"taxonomy":"product_tag","embeddable":true,"href":"https:\/\/doremimusical.com.br\/2019\/wp-json\/wp\/v2\/product_tag?post=216859"}],"curies":[{"name":"wp","href":"https:\/\/api.w.org\/{rel}","templated":true}]}}