{"id":216856,"date":"2021-10-13T21:44:09","date_gmt":"2021-10-13T21:44:09","guid":{"rendered":"https:\/\/doremimusical.com.br\/2019\/?post_type=product&#038;p=216856"},"modified":"2021-10-13T21:44:09","modified_gmt":"2021-10-13T21:44:09","slug":"baqueta-liverpool-double-star-marfin","status":"publish","type":"product","link":"https:\/\/doremimusical.com.br\/2019\/produto\/baqueta-liverpool-double-star-marfin\/","title":{"rendered":"Baqueta Liverpool Double Star Marfin"},"content":{"rendered":"<p>Modelo possuindo o corpo com as medidas de uma baqueta 7A. Numa extremidade est\u00e1 o feltro de densidade m\u00e9dia e na outra, uma ponta de madeira com a cabe\u00e7a em formato oval. Sua utiliza\u00e7\u00e3o estende-se para caixas, tons e surdos.<br \/>\n<strong><em>Especifica\u00e7\u00f5es T\u00e9cnicas<\/em><\/strong><br \/>\n<strong>comp. 400mm<br \/>\ndia. 14mm<\/strong><\/p>\n","protected":false},"excerpt":{"rendered":"<p><img loading=\"lazy\" class=\"alignnone size-full wp-image-212351\" src=\"https:\/\/doremimusical.com.br\/2019\/wp-content\/uploads\/2019\/09\/Liverpool.png\" alt=\"\" width=\"157\" height=\"41\" srcset=\"https:\/\/doremimusical.com.br\/2019\/wp-content\/uploads\/2019\/09\/Liverpool.png 157w, https:\/\/doremimusical.com.br\/2019\/wp-content\/uploads\/2019\/09\/Liverpool-150x39.png 150w\" sizes=\"(max-width: 157px) 100vw, 157px\" \/><\/p>\n","protected":false},"featured_media":216857,"template":"","meta":{"_et_pb_use_builder":"","_et_pb_old_content":"","_et_gb_content_width":""},"product_cat":[79,82,488,629],"product_tag":[],"_links":{"self":[{"href":"https:\/\/doremimusical.com.br\/2019\/wp-json\/wp\/v2\/product\/216856"}],"collection":[{"href":"https:\/\/doremimusical.com.br\/2019\/wp-json\/wp\/v2\/product"}],"about":[{"href":"https:\/\/doremimusical.com.br\/2019\/wp-json\/wp\/v2\/types\/product"}],"wp:featuredmedia":[{"embeddable":true,"href":"https:\/\/doremimusical.com.br\/2019\/wp-json\/wp\/v2\/media\/216857"}],"wp:attachment":[{"href":"https:\/\/doremimusical.com.br\/2019\/wp-json\/wp\/v2\/media?parent=216856"}],"wp:term":[{"taxonomy":"product_cat","embeddable":true,"href":"https:\/\/doremimusical.com.br\/2019\/wp-json\/wp\/v2\/product_cat?post=216856"},{"taxonomy":"product_tag","embeddable":true,"href":"https:\/\/doremimusical.com.br\/2019\/wp-json\/wp\/v2\/product_tag?post=216856"}],"curies":[{"name":"wp","href":"https:\/\/api.w.org\/{rel}","templated":true}]}}