{"id":216827,"date":"2021-09-29T15:29:18","date_gmt":"2021-09-29T15:29:18","guid":{"rendered":"https:\/\/doremimusical.com.br\/2019\/?post_type=product&#038;p=216827"},"modified":"2021-09-29T15:29:18","modified_gmt":"2021-09-29T15:29:18","slug":"novo-metodo-para-piano-2a-parte-teorico-pratico-e-recreativo-a-schmoll","status":"publish","type":"product","link":"https:\/\/doremimusical.com.br\/2019\/produto\/novo-metodo-para-piano-2a-parte-teorico-pratico-e-recreativo-a-schmoll\/","title":{"rendered":"NOVO M\u00c9TODO PARA PIANO &#8211; 2\u00aa PARTE TE\u00d3RICO, PR\u00c1TICO E RECREATIVO A. Schmoll"},"content":{"rendered":"<p>Esta segunda parte do tradicional m\u00e9todo Schmoll para piano, constitu\u00eddo de 5 partes, comporta, al\u00e9m das 30 li\u00e7\u00f5es do m\u00e9todo, as seguintes pe\u00e7as: A can\u00e7\u00e3o da moleira, Ternura infantil, Toque de ca\u00e7a, Scherzetto, O regresso do gondoleiro e Terceira sonatina Opus 63.<\/p>\n","protected":false},"excerpt":{"rendered":"<p><img loading=\"lazy\" class=\"alignnone size-full wp-image-216781\" src=\"https:\/\/doremimusical.com.br\/2019\/wp-content\/uploads\/2021\/09\/logo2-1.png\" alt=\"\" width=\"97\" height=\"115\" \/><\/p>\n","protected":false},"featured_media":216828,"template":"","meta":{"_et_pb_use_builder":"","_et_pb_old_content":"","_et_gb_content_width":""},"product_cat":[79,82,628,626],"product_tag":[],"_links":{"self":[{"href":"https:\/\/doremimusical.com.br\/2019\/wp-json\/wp\/v2\/product\/216827"}],"collection":[{"href":"https:\/\/doremimusical.com.br\/2019\/wp-json\/wp\/v2\/product"}],"about":[{"href":"https:\/\/doremimusical.com.br\/2019\/wp-json\/wp\/v2\/types\/product"}],"wp:featuredmedia":[{"embeddable":true,"href":"https:\/\/doremimusical.com.br\/2019\/wp-json\/wp\/v2\/media\/216828"}],"wp:attachment":[{"href":"https:\/\/doremimusical.com.br\/2019\/wp-json\/wp\/v2\/media?parent=216827"}],"wp:term":[{"taxonomy":"product_cat","embeddable":true,"href":"https:\/\/doremimusical.com.br\/2019\/wp-json\/wp\/v2\/product_cat?post=216827"},{"taxonomy":"product_tag","embeddable":true,"href":"https:\/\/doremimusical.com.br\/2019\/wp-json\/wp\/v2\/product_tag?post=216827"}],"curies":[{"name":"wp","href":"https:\/\/api.w.org\/{rel}","templated":true}]}}