{"id":216823,"date":"2021-09-29T15:20:25","date_gmt":"2021-09-29T15:20:25","guid":{"rendered":"https:\/\/doremimusical.com.br\/2019\/?post_type=product&#038;p=216823"},"modified":"2021-09-29T15:20:26","modified_gmt":"2021-09-29T15:20:26","slug":"metodo-infantil-para-piano-francisco-russo","status":"publish","type":"product","link":"https:\/\/doremimusical.com.br\/2019\/produto\/metodo-infantil-para-piano-francisco-russo\/","title":{"rendered":"M\u00c9TODO INFANTIL PARA PIANO Francisco Russo"},"content":{"rendered":"<p>Um dos mais populares m\u00e9todos de piano para crian\u00e7as, de autoria do maestro Francisco Russo, este livro vem atravessando as d\u00e9cadas por sua linguagem simples e objetiva e pelas m\u00fasicas agrad\u00e1veis que o complementam.<\/p>\n","protected":false},"excerpt":{"rendered":"<p><img loading=\"lazy\" class=\"alignnone size-full wp-image-216781\" src=\"https:\/\/doremimusical.com.br\/2019\/wp-content\/uploads\/2021\/09\/logo2-1.png\" alt=\"\" width=\"97\" height=\"115\" \/><\/p>\n","protected":false},"featured_media":216824,"template":"","meta":{"_et_pb_use_builder":"","_et_pb_old_content":"","_et_gb_content_width":""},"product_cat":[79,82,628,626],"product_tag":[],"_links":{"self":[{"href":"https:\/\/doremimusical.com.br\/2019\/wp-json\/wp\/v2\/product\/216823"}],"collection":[{"href":"https:\/\/doremimusical.com.br\/2019\/wp-json\/wp\/v2\/product"}],"about":[{"href":"https:\/\/doremimusical.com.br\/2019\/wp-json\/wp\/v2\/types\/product"}],"wp:featuredmedia":[{"embeddable":true,"href":"https:\/\/doremimusical.com.br\/2019\/wp-json\/wp\/v2\/media\/216824"}],"wp:attachment":[{"href":"https:\/\/doremimusical.com.br\/2019\/wp-json\/wp\/v2\/media?parent=216823"}],"wp:term":[{"taxonomy":"product_cat","embeddable":true,"href":"https:\/\/doremimusical.com.br\/2019\/wp-json\/wp\/v2\/product_cat?post=216823"},{"taxonomy":"product_tag","embeddable":true,"href":"https:\/\/doremimusical.com.br\/2019\/wp-json\/wp\/v2\/product_tag?post=216823"}],"curies":[{"name":"wp","href":"https:\/\/api.w.org\/{rel}","templated":true}]}}