{"id":216821,"date":"2021-09-29T15:17:09","date_gmt":"2021-09-29T15:17:09","guid":{"rendered":"https:\/\/doremimusical.com.br\/2019\/?post_type=product&#038;p=216821"},"modified":"2021-09-29T15:17:09","modified_gmt":"2021-09-29T15:17:09","slug":"metodo-harmonia-e-improvisacao-vol-ii-almir-chediak","status":"publish","type":"product","link":"https:\/\/doremimusical.com.br\/2019\/produto\/metodo-harmonia-e-improvisacao-vol-ii-almir-chediak\/","title":{"rendered":"M\u00c9TODO HARMONIA E IMPROVISA\u00c7\u00c3O &#8211; VOL. II Almir Chediak"},"content":{"rendered":"<p>Neste segundo volume da s\u00e9rie, Almir Chediak apresenta os acordes nas posi\u00e7\u00f5es mais utilizadas, agrupados conforme suas escalas e representados por cifras. Apresenta tamb\u00e9m escalas e arpejos dos acordes e ainda os desenhos b\u00e1sicos das escalas associadas aos principais clich\u00eas harm\u00f4nicos. Outras 70 m\u00fasicas s\u00e3o analisadas e harmonizadas, completando assim o estudo da an\u00e1lise funcional dos acordes.<\/p>\n","protected":false},"excerpt":{"rendered":"<p><img loading=\"lazy\" class=\"alignnone size-full wp-image-216781\" src=\"https:\/\/doremimusical.com.br\/2019\/wp-content\/uploads\/2021\/09\/logo2-1.png\" alt=\"\" width=\"97\" height=\"115\" \/><\/p>\n","protected":false},"featured_media":216822,"template":"","meta":{"_et_pb_use_builder":"","_et_pb_old_content":"","_et_gb_content_width":""},"product_cat":[79,82,628,626],"product_tag":[],"_links":{"self":[{"href":"https:\/\/doremimusical.com.br\/2019\/wp-json\/wp\/v2\/product\/216821"}],"collection":[{"href":"https:\/\/doremimusical.com.br\/2019\/wp-json\/wp\/v2\/product"}],"about":[{"href":"https:\/\/doremimusical.com.br\/2019\/wp-json\/wp\/v2\/types\/product"}],"wp:featuredmedia":[{"embeddable":true,"href":"https:\/\/doremimusical.com.br\/2019\/wp-json\/wp\/v2\/media\/216822"}],"wp:attachment":[{"href":"https:\/\/doremimusical.com.br\/2019\/wp-json\/wp\/v2\/media?parent=216821"}],"wp:term":[{"taxonomy":"product_cat","embeddable":true,"href":"https:\/\/doremimusical.com.br\/2019\/wp-json\/wp\/v2\/product_cat?post=216821"},{"taxonomy":"product_tag","embeddable":true,"href":"https:\/\/doremimusical.com.br\/2019\/wp-json\/wp\/v2\/product_tag?post=216821"}],"curies":[{"name":"wp","href":"https:\/\/api.w.org\/{rel}","templated":true}]}}