{"id":216817,"date":"2021-09-29T15:10:22","date_gmt":"2021-09-29T15:10:22","guid":{"rendered":"https:\/\/doremimusical.com.br\/2019\/?post_type=product&#038;p=216817"},"modified":"2021-09-29T15:10:23","modified_gmt":"2021-09-29T15:10:23","slug":"metodo-minhas-primeiras-notas-ao-violao-vol-1-othon-g-da-rocha-filho","status":"publish","type":"product","link":"https:\/\/doremimusical.com.br\/2019\/produto\/metodo-minhas-primeiras-notas-ao-violao-vol-1-othon-g-da-rocha-filho\/","title":{"rendered":"M\u00c9TODO MINHAS PRIMEIRAS NOTAS AO VIOL\u00c3O &#8211; VOL. 1 Othon G. da Rocha Filho"},"content":{"rendered":"<p>Elaborado em dois volumes pelo professor, compositor e violonista Othon Gomes, este m\u00e9todo \u00e9 um dos mais adotados pelos professores de viol\u00e3o do Brasil. Este volume aborda a posi\u00e7\u00e3o correta de segurar o instrumento, leitura semiogr\u00e1fica, primeiros exerc\u00edcios, exemplos musicais de f\u00e1cil execu\u00e7\u00e3o e agrad\u00e1vel sonoridade, no\u00e7\u00f5es de cifras para acompanhamento e exemplos de v\u00e1rios ritmos.<\/p>\n","protected":false},"excerpt":{"rendered":"<p><img loading=\"lazy\" class=\"alignnone size-full wp-image-216781\" src=\"https:\/\/doremimusical.com.br\/2019\/wp-content\/uploads\/2021\/09\/logo2-1.png\" alt=\"\" width=\"97\" height=\"115\" \/><\/p>\n","protected":false},"featured_media":216818,"template":"","meta":{"_et_pb_use_builder":"","_et_pb_old_content":"","_et_gb_content_width":""},"product_cat":[79,82,628,626],"product_tag":[],"_links":{"self":[{"href":"https:\/\/doremimusical.com.br\/2019\/wp-json\/wp\/v2\/product\/216817"}],"collection":[{"href":"https:\/\/doremimusical.com.br\/2019\/wp-json\/wp\/v2\/product"}],"about":[{"href":"https:\/\/doremimusical.com.br\/2019\/wp-json\/wp\/v2\/types\/product"}],"wp:featuredmedia":[{"embeddable":true,"href":"https:\/\/doremimusical.com.br\/2019\/wp-json\/wp\/v2\/media\/216818"}],"wp:attachment":[{"href":"https:\/\/doremimusical.com.br\/2019\/wp-json\/wp\/v2\/media?parent=216817"}],"wp:term":[{"taxonomy":"product_cat","embeddable":true,"href":"https:\/\/doremimusical.com.br\/2019\/wp-json\/wp\/v2\/product_cat?post=216817"},{"taxonomy":"product_tag","embeddable":true,"href":"https:\/\/doremimusical.com.br\/2019\/wp-json\/wp\/v2\/product_tag?post=216817"}],"curies":[{"name":"wp","href":"https:\/\/api.w.org\/{rel}","templated":true}]}}