{"id":216812,"date":"2021-09-29T15:00:01","date_gmt":"2021-09-29T15:00:01","guid":{"rendered":"https:\/\/doremimusical.com.br\/2019\/?post_type=product&#038;p=216812"},"modified":"2021-09-29T15:00:02","modified_gmt":"2021-09-29T15:00:02","slug":"metodo-para-pistao-trombone-e-bombardino-na-clave-de-sol-amadeu-russo","status":"publish","type":"product","link":"https:\/\/doremimusical.com.br\/2019\/produto\/metodo-para-pistao-trombone-e-bombardino-na-clave-de-sol-amadeu-russo\/","title":{"rendered":"M\u00c9TODO PARA PIST\u00c3O, TROMBONE E BOMBARDINO NA CLAVE DE SOL Amadeu Russo"},"content":{"rendered":"<p>O mais tradicional m\u00e9todo para pist\u00e3o (trompete), trombone de pistos e bombardino do Brasil. No mercado h\u00e1 mais de 60 anos, este livro, de autoria de Amadeu Russo, j\u00e1 foi usado por grandes nomes da m\u00fasica no come\u00e7o de seus estudos. Atravessando as d\u00e9cadas, permanece no cen\u00e1rio did\u00e1tico musical como o mais eficaz manual para o principiante. O m\u00e9todo inclui exerc\u00edcios sobre os sons naturais e sobre a escala, intervalos e exerc\u00edcios relativos, ligadura, escala crom\u00e1tica, escalas, ornamentos, estudos mel\u00f3dicos em diversas tonalidades, golpes de l\u00edngua duplo e triplo, trinado e duetos.<\/p>\n","protected":false},"excerpt":{"rendered":"<p><img loading=\"lazy\" class=\"alignnone size-full wp-image-216781\" src=\"https:\/\/doremimusical.com.br\/2019\/wp-content\/uploads\/2021\/09\/logo2-1.png\" alt=\"\" width=\"97\" height=\"115\" \/><\/p>\n","protected":false},"featured_media":216813,"template":"","meta":{"_et_pb_use_builder":"","_et_pb_old_content":"","_et_gb_content_width":""},"product_cat":[79,82,628,626],"product_tag":[],"_links":{"self":[{"href":"https:\/\/doremimusical.com.br\/2019\/wp-json\/wp\/v2\/product\/216812"}],"collection":[{"href":"https:\/\/doremimusical.com.br\/2019\/wp-json\/wp\/v2\/product"}],"about":[{"href":"https:\/\/doremimusical.com.br\/2019\/wp-json\/wp\/v2\/types\/product"}],"wp:featuredmedia":[{"embeddable":true,"href":"https:\/\/doremimusical.com.br\/2019\/wp-json\/wp\/v2\/media\/216813"}],"wp:attachment":[{"href":"https:\/\/doremimusical.com.br\/2019\/wp-json\/wp\/v2\/media?parent=216812"}],"wp:term":[{"taxonomy":"product_cat","embeddable":true,"href":"https:\/\/doremimusical.com.br\/2019\/wp-json\/wp\/v2\/product_cat?post=216812"},{"taxonomy":"product_tag","embeddable":true,"href":"https:\/\/doremimusical.com.br\/2019\/wp-json\/wp\/v2\/product_tag?post=216812"}],"curies":[{"name":"wp","href":"https:\/\/api.w.org\/{rel}","templated":true}]}}