{"id":216810,"date":"2021-09-29T14:52:39","date_gmt":"2021-09-29T14:52:39","guid":{"rendered":"https:\/\/doremimusical.com.br\/2019\/?post_type=product&#038;p=216810"},"modified":"2021-09-29T14:53:13","modified_gmt":"2021-09-29T14:53:13","slug":"metodo-completo-de-saxofone-amadeu-russo","status":"publish","type":"product","link":"https:\/\/doremimusical.com.br\/2019\/produto\/metodo-completo-de-saxofone-amadeu-russo\/","title":{"rendered":"M\u00e9todo COMPLETO DE SAXOFONE Amadeu Russo"},"content":{"rendered":"<table border=\"0\" width=\"100%\" cellspacing=\"0\" cellpadding=\"2\">\n<tbody>\n<tr>\n<td class=\"descricao\">Este \u00e9 o m\u00e9todo para saxofone mais usado no Brasil e est\u00e1 no mercado h\u00e1 mais de 50 anos. De autoria do famoso Amadeu Russo, este livro j\u00e1 foi a base de inicia\u00e7\u00e3o para muitos instrumentistas brasileiros de renome. Com did\u00e1tica simples e objetiva, trabalha os elementos te\u00f3ricos e t\u00e9cnicos com muita propriedade e compet\u00eancia, tais como: ligadura, pequenos estudos mel\u00f3dicos, intervalos e exerc\u00edcios relativos, ornamentos, escala diat\u00f4nica, express\u00e3o, estudos mel\u00f3dicos em todos os tons, al\u00e9m de um quadro da escala crom\u00e1tica de saxofone.<\/td>\n<\/tr>\n<\/tbody>\n<\/table>\n","protected":false},"excerpt":{"rendered":"<p>Este \u00e9 o m\u00e9todo para saxofone mais usado no Brasil e est\u00e1 no mercado h\u00e1 mais de 50 anos. De autoria do famoso Amadeu Russo, este livro j\u00e1 foi a base de inicia\u00e7\u00e3o para muitos instrumentistas brasileiros de renome. Com did\u00e1tica simples e objetiva, trabalha os elementos te\u00f3ricos e t\u00e9cnicos com muita propriedade e compet\u00eancia, [&hellip;]<\/p>\n","protected":false},"featured_media":216811,"template":"","meta":{"_et_pb_use_builder":"","_et_pb_old_content":"","_et_gb_content_width":""},"product_cat":[407],"product_tag":[],"_links":{"self":[{"href":"https:\/\/doremimusical.com.br\/2019\/wp-json\/wp\/v2\/product\/216810"}],"collection":[{"href":"https:\/\/doremimusical.com.br\/2019\/wp-json\/wp\/v2\/product"}],"about":[{"href":"https:\/\/doremimusical.com.br\/2019\/wp-json\/wp\/v2\/types\/product"}],"wp:featuredmedia":[{"embeddable":true,"href":"https:\/\/doremimusical.com.br\/2019\/wp-json\/wp\/v2\/media\/216811"}],"wp:attachment":[{"href":"https:\/\/doremimusical.com.br\/2019\/wp-json\/wp\/v2\/media?parent=216810"}],"wp:term":[{"taxonomy":"product_cat","embeddable":true,"href":"https:\/\/doremimusical.com.br\/2019\/wp-json\/wp\/v2\/product_cat?post=216810"},{"taxonomy":"product_tag","embeddable":true,"href":"https:\/\/doremimusical.com.br\/2019\/wp-json\/wp\/v2\/product_tag?post=216810"}],"curies":[{"name":"wp","href":"https:\/\/api.w.org\/{rel}","templated":true}]}}