{"id":216808,"date":"2021-09-28T21:28:31","date_gmt":"2021-09-28T21:28:31","guid":{"rendered":"https:\/\/doremimusical.com.br\/2019\/?post_type=product&#038;p=216808"},"modified":"2021-09-28T21:28:32","modified_gmt":"2021-09-28T21:28:32","slug":"metodo-para-clarinete-1a-parte-nabor-pires-camargo","status":"publish","type":"product","link":"https:\/\/doremimusical.com.br\/2019\/produto\/metodo-para-clarinete-1a-parte-nabor-pires-camargo\/","title":{"rendered":"M\u00e9todo PARA CLARINETE &#8211; 1\u00aa PARTE Nabor Pires Camargo"},"content":{"rendered":"<table border=\"0\" width=\"100%\" cellspacing=\"0\" cellpadding=\"2\">\n<tbody>\n<tr>\n<td class=\"descricao\">De autoria de Nabor Pires Camargo &#8211; um dos maiores &#8220;chor\u00f5es&#8221; do Brasil e que j\u00e1 trabalhou com mestres da m\u00fasica como Souza Lima, Eleazar de Carvalho, Villa-Lobos e Toscanini &#8211; este m\u00e9todo foi editado h\u00e1 mais de 60 anos. Bastante tradicional no meio musical nacional, dificilmente encontra-se um clarinetista que em sua inicia\u00e7\u00e3o n\u00e3o tenha estudado este livro. Cont\u00e9m 23 pe\u00e7as de f\u00e1cil execu\u00e7\u00e3o, 36 li\u00e7\u00f5es para escalas, m\u00fasicas de aplica\u00e7\u00e3o, al\u00e9m de tr\u00eas quadros de escala crom\u00e1tica para diversos tipos de clarineta.<\/td>\n<\/tr>\n<\/tbody>\n<\/table>\n","protected":false},"excerpt":{"rendered":"<p><img loading=\"lazy\" class=\"alignnone size-full wp-image-216781\" src=\"https:\/\/doremimusical.com.br\/2019\/wp-content\/uploads\/2021\/09\/logo2-1.png\" alt=\"\" width=\"97\" height=\"115\" \/><\/p>\n","protected":false},"featured_media":216809,"template":"","meta":{"_et_pb_use_builder":"","_et_pb_old_content":"","_et_gb_content_width":""},"product_cat":[79,82,628,626],"product_tag":[],"_links":{"self":[{"href":"https:\/\/doremimusical.com.br\/2019\/wp-json\/wp\/v2\/product\/216808"}],"collection":[{"href":"https:\/\/doremimusical.com.br\/2019\/wp-json\/wp\/v2\/product"}],"about":[{"href":"https:\/\/doremimusical.com.br\/2019\/wp-json\/wp\/v2\/types\/product"}],"wp:featuredmedia":[{"embeddable":true,"href":"https:\/\/doremimusical.com.br\/2019\/wp-json\/wp\/v2\/media\/216809"}],"wp:attachment":[{"href":"https:\/\/doremimusical.com.br\/2019\/wp-json\/wp\/v2\/media?parent=216808"}],"wp:term":[{"taxonomy":"product_cat","embeddable":true,"href":"https:\/\/doremimusical.com.br\/2019\/wp-json\/wp\/v2\/product_cat?post=216808"},{"taxonomy":"product_tag","embeddable":true,"href":"https:\/\/doremimusical.com.br\/2019\/wp-json\/wp\/v2\/product_tag?post=216808"}],"curies":[{"name":"wp","href":"https:\/\/api.w.org\/{rel}","templated":true}]}}