{"id":216806,"date":"2021-09-28T21:25:10","date_gmt":"2021-09-28T21:25:10","guid":{"rendered":"https:\/\/doremimusical.com.br\/2019\/?post_type=product&#038;p=216806"},"modified":"2021-09-28T21:25:10","modified_gmt":"2021-09-28T21:25:10","slug":"metodo-metodo-para-acordeon-preliminar-e-primeiro-ano-alencar-terra","status":"publish","type":"product","link":"https:\/\/doremimusical.com.br\/2019\/produto\/metodo-metodo-para-acordeon-preliminar-e-primeiro-ano-alencar-terra\/","title":{"rendered":"M\u00e9todo M\u00c9TODO PARA ACORDEON PRELIMINAR E PRIMEIRO ANO Alencar Terra"},"content":{"rendered":"<p>M\u00e9todo de acordeom composto de acordo com os ensinamentos de Alencar Terra, um dos maiores mestres deste instrumento. Este primeiro volume enfatiza o trabalho dos baixos da m\u00e3o esquerda e as escalas e melodias, de f\u00e1cil execu\u00e7\u00e3o, a cargo da m\u00e3o direita.<\/p>\n","protected":false},"excerpt":{"rendered":"<p><img loading=\"lazy\" class=\"alignnone size-full wp-image-216781\" src=\"https:\/\/doremimusical.com.br\/2019\/wp-content\/uploads\/2021\/09\/logo2-1.png\" alt=\"\" width=\"97\" height=\"115\" \/><\/p>\n","protected":false},"featured_media":216807,"template":"","meta":{"_et_pb_use_builder":"","_et_pb_old_content":"","_et_gb_content_width":""},"product_cat":[79,82,628,626],"product_tag":[],"_links":{"self":[{"href":"https:\/\/doremimusical.com.br\/2019\/wp-json\/wp\/v2\/product\/216806"}],"collection":[{"href":"https:\/\/doremimusical.com.br\/2019\/wp-json\/wp\/v2\/product"}],"about":[{"href":"https:\/\/doremimusical.com.br\/2019\/wp-json\/wp\/v2\/types\/product"}],"wp:featuredmedia":[{"embeddable":true,"href":"https:\/\/doremimusical.com.br\/2019\/wp-json\/wp\/v2\/media\/216807"}],"wp:attachment":[{"href":"https:\/\/doremimusical.com.br\/2019\/wp-json\/wp\/v2\/media?parent=216806"}],"wp:term":[{"taxonomy":"product_cat","embeddable":true,"href":"https:\/\/doremimusical.com.br\/2019\/wp-json\/wp\/v2\/product_cat?post=216806"},{"taxonomy":"product_tag","embeddable":true,"href":"https:\/\/doremimusical.com.br\/2019\/wp-json\/wp\/v2\/product_tag?post=216806"}],"curies":[{"name":"wp","href":"https:\/\/api.w.org\/{rel}","templated":true}]}}