{"id":216801,"date":"2021-09-27T14:37:04","date_gmt":"2021-09-27T14:37:04","guid":{"rendered":"https:\/\/doremimusical.com.br\/2019\/?post_type=product&#038;p=216801"},"modified":"2021-09-27T14:37:04","modified_gmt":"2021-09-27T14:37:04","slug":"metodo-curso-completo-de-teoria-musical-e-solfejo-1o-vol-mario-mascarenhas-e-b-cardoso","status":"publish","type":"product","link":"https:\/\/doremimusical.com.br\/2019\/produto\/metodo-curso-completo-de-teoria-musical-e-solfejo-1o-vol-mario-mascarenhas-e-b-cardoso\/","title":{"rendered":"M\u00e9todo CURSO COMPLETO DE TEORIA MUSICAL E SOLFEJO &#8211; 1\u00ba VOL. M\u00e1rio Mascarenhas e B. Cardoso"},"content":{"rendered":"<p>M\u00e9todo de teoria musical em dois volumes, com todos os conceitos te\u00f3ricos necess\u00e1rios ao aprendizado musical e, ao final de cada cap\u00edtulo, um question\u00e1rio, exerc\u00edcios te\u00f3ricos e de solfejo relativos a cada ponto abordado. Este primeiro volume real\u00e7a os seguintes t\u00f3picos: nota\u00e7\u00e3o musical, figuras de notas e de pausas, compasso, ponto de aumento, escalas, linhas suplementares, sinais de altera\u00e7\u00e3o, armadura de clave e intervalos.<\/p>\n","protected":false},"excerpt":{"rendered":"<p><img loading=\"lazy\" class=\"alignnone size-full wp-image-216781\" src=\"https:\/\/doremimusical.com.br\/2019\/wp-content\/uploads\/2021\/09\/logo2-1.png\" alt=\"\" width=\"97\" height=\"115\" \/><\/p>\n","protected":false},"featured_media":216802,"template":"","meta":{"_et_pb_use_builder":"","_et_pb_old_content":"","_et_gb_content_width":""},"product_cat":[79,82,628,626],"product_tag":[],"_links":{"self":[{"href":"https:\/\/doremimusical.com.br\/2019\/wp-json\/wp\/v2\/product\/216801"}],"collection":[{"href":"https:\/\/doremimusical.com.br\/2019\/wp-json\/wp\/v2\/product"}],"about":[{"href":"https:\/\/doremimusical.com.br\/2019\/wp-json\/wp\/v2\/types\/product"}],"wp:featuredmedia":[{"embeddable":true,"href":"https:\/\/doremimusical.com.br\/2019\/wp-json\/wp\/v2\/media\/216802"}],"wp:attachment":[{"href":"https:\/\/doremimusical.com.br\/2019\/wp-json\/wp\/v2\/media?parent=216801"}],"wp:term":[{"taxonomy":"product_cat","embeddable":true,"href":"https:\/\/doremimusical.com.br\/2019\/wp-json\/wp\/v2\/product_cat?post=216801"},{"taxonomy":"product_tag","embeddable":true,"href":"https:\/\/doremimusical.com.br\/2019\/wp-json\/wp\/v2\/product_tag?post=216801"}],"curies":[{"name":"wp","href":"https:\/\/api.w.org\/{rel}","templated":true}]}}