{"id":216799,"date":"2021-09-27T14:34:31","date_gmt":"2021-09-27T14:34:31","guid":{"rendered":"https:\/\/doremimusical.com.br\/2019\/?post_type=product&#038;p=216799"},"modified":"2021-09-27T14:34:31","modified_gmt":"2021-09-27T14:34:31","slug":"metodo-canto-uma-expressao-monica-marsola-e-tutti-ba","status":"publish","type":"product","link":"https:\/\/doremimusical.com.br\/2019\/produto\/metodo-canto-uma-expressao-monica-marsola-e-tutti-ba\/","title":{"rendered":"M\u00e9todo CANTO UMA EXPRESS\u00c3O M\u00f4nica Marsola e Tutti Ba"},"content":{"rendered":"<p>Este livro orienta estudantes e profissionais do canto sobre os princ\u00edpios da t\u00e9cnica vocal. Endossado por nomes como Mauro Dias (cr\u00edtico musical), Sab\u00e1 (contrabaixista e radialista), Jane Duboc (cantora), Nahor Gomes (trompetista) e prefaciado por Guga Stroeter \u00e9 uma obra indispens\u00e1vel para os amantes do canto. M\u00f4nica Marsola &#8211; violonista, formada pela Faculdade de Composi\u00e7\u00e3o e Reg\u00eancia da UNESP, e cantora profissional &#8211; e Tutti Ba\u00ea &#8211; professora de canto e cantora profissional &#8211; juntaram a experi\u00eancia que adquiriram ao longo das respectivas carreiras e elaboraram esta obra \u00fanica no mercado brasileiro. Est\u00e3o dispon\u00edveis para download 57 arquivos sonoros com vocalizes.<\/p>\n","protected":false},"excerpt":{"rendered":"<p><img loading=\"lazy\" class=\"alignnone size-full wp-image-216781\" src=\"https:\/\/doremimusical.com.br\/2019\/wp-content\/uploads\/2021\/09\/logo2-1.png\" alt=\"\" width=\"97\" height=\"115\" \/><\/p>\n","protected":false},"featured_media":216800,"template":"","meta":{"_et_pb_use_builder":"","_et_pb_old_content":"","_et_gb_content_width":""},"product_cat":[79,82,628,626],"product_tag":[],"_links":{"self":[{"href":"https:\/\/doremimusical.com.br\/2019\/wp-json\/wp\/v2\/product\/216799"}],"collection":[{"href":"https:\/\/doremimusical.com.br\/2019\/wp-json\/wp\/v2\/product"}],"about":[{"href":"https:\/\/doremimusical.com.br\/2019\/wp-json\/wp\/v2\/types\/product"}],"wp:featuredmedia":[{"embeddable":true,"href":"https:\/\/doremimusical.com.br\/2019\/wp-json\/wp\/v2\/media\/216800"}],"wp:attachment":[{"href":"https:\/\/doremimusical.com.br\/2019\/wp-json\/wp\/v2\/media?parent=216799"}],"wp:term":[{"taxonomy":"product_cat","embeddable":true,"href":"https:\/\/doremimusical.com.br\/2019\/wp-json\/wp\/v2\/product_cat?post=216799"},{"taxonomy":"product_tag","embeddable":true,"href":"https:\/\/doremimusical.com.br\/2019\/wp-json\/wp\/v2\/product_tag?post=216799"}],"curies":[{"name":"wp","href":"https:\/\/api.w.org\/{rel}","templated":true}]}}