{"id":216797,"date":"2021-09-27T14:29:49","date_gmt":"2021-09-27T14:29:49","guid":{"rendered":"https:\/\/doremimusical.com.br\/2019\/?post_type=product&#038;p=216797"},"modified":"2021-09-27T14:29:50","modified_gmt":"2021-09-27T14:29:50","slug":"metodo-canto-uma-consciencia-melodica-tutti-bae","status":"publish","type":"product","link":"https:\/\/doremimusical.com.br\/2019\/produto\/metodo-canto-uma-consciencia-melodica-tutti-bae\/","title":{"rendered":"M\u00e9todo  CANTO UMA CONSCI\u00caNCIA MEL\u00d3DICA Tutti Ba\u00ea"},"content":{"rendered":"<p>Os cantores se exercitam fazendo vocalizes (intervalos musicais dispostos melodicamente). Por\u00e9m, ao iniciar o aprendizado do canto, o aluno, muitas vezes, tem dificuldade em identificar com precis\u00e3o o intervalo que est\u00e1 sendo abordado em determinado exerc\u00edcio. Isso pode acarretar num maior desenvolvimento da parte da t\u00e9cnica vocal, em detrimento da percep\u00e7\u00e3o musical, embora essas disciplinas devam progredir de forma conjunta. Conhecendo os intervalos, pode-se aprender com mais facilidade uma melodia (fator fundamental em grava\u00e7\u00f5es), melhorar a afina\u00e7\u00e3o e ganhar seguran\u00e7a ao cantar em coro (abrir vozes). A conscientiza\u00e7\u00e3o mel\u00f3dica permite ao cantor ativar sua express\u00e3o musical e melhorar a qualidade e a criatividade de sua interpreta\u00e7\u00e3o. O objetivo principal deste livro \u00e9 o estudo dos intervalos. O pref\u00e1cio da obra \u00e9 de Gisela Nogueira &#8211; professora de viol\u00e3o, percep\u00e7\u00e3o musical e m\u00fasica de c\u00e2mara da UNESP. As resenhas s\u00e3o de Che Leal (cantor profissional), Badi Assad (cantora e violonista) e Vin\u00edcius Dorin (saxofonista). Arquivos sonoros de 130 vocalizes que ilustram os exerc\u00edcios est\u00e3o dispon\u00edveis para download.<\/p>\n","protected":false},"excerpt":{"rendered":"<p><img loading=\"lazy\" class=\"alignnone size-full wp-image-216781\" src=\"https:\/\/doremimusical.com.br\/2019\/wp-content\/uploads\/2021\/09\/logo2-1.png\" alt=\"\" width=\"97\" height=\"115\" \/><\/p>\n","protected":false},"featured_media":216798,"template":"","meta":{"_et_pb_use_builder":"","_et_pb_old_content":"","_et_gb_content_width":""},"product_cat":[79,82,628,626],"product_tag":[],"_links":{"self":[{"href":"https:\/\/doremimusical.com.br\/2019\/wp-json\/wp\/v2\/product\/216797"}],"collection":[{"href":"https:\/\/doremimusical.com.br\/2019\/wp-json\/wp\/v2\/product"}],"about":[{"href":"https:\/\/doremimusical.com.br\/2019\/wp-json\/wp\/v2\/types\/product"}],"wp:featuredmedia":[{"embeddable":true,"href":"https:\/\/doremimusical.com.br\/2019\/wp-json\/wp\/v2\/media\/216798"}],"wp:attachment":[{"href":"https:\/\/doremimusical.com.br\/2019\/wp-json\/wp\/v2\/media?parent=216797"}],"wp:term":[{"taxonomy":"product_cat","embeddable":true,"href":"https:\/\/doremimusical.com.br\/2019\/wp-json\/wp\/v2\/product_cat?post=216797"},{"taxonomy":"product_tag","embeddable":true,"href":"https:\/\/doremimusical.com.br\/2019\/wp-json\/wp\/v2\/product_tag?post=216797"}],"curies":[{"name":"wp","href":"https:\/\/api.w.org\/{rel}","templated":true}]}}