{"id":216795,"date":"2021-09-27T14:26:36","date_gmt":"2021-09-27T14:26:36","guid":{"rendered":"https:\/\/doremimusical.com.br\/2019\/?post_type=product&#038;p=216795"},"modified":"2021-09-27T14:26:37","modified_gmt":"2021-09-27T14:26:37","slug":"metodo-dicionario-de-acordes-cifrados-harmonia-aplicada-a-musica-popular-almir-chediak","status":"publish","type":"product","link":"https:\/\/doremimusical.com.br\/2019\/produto\/metodo-dicionario-de-acordes-cifrados-harmonia-aplicada-a-musica-popular-almir-chediak\/","title":{"rendered":"M\u00e9todo DICION\u00c1RIO DE ACORDES CIFRADOS HARMONIA APLICADA \u00c0 M\u00daSICA POPULAR Almir Chediak"},"content":{"rendered":"<p>Trata-se do mais completo dicion\u00e1rio de acordes para viol\u00e3o existente no mercado nacional. De autoria de Almir Chediak, \u00e9 elaborado com extrema compet\u00eancia, esclarecendo ao estudante de m\u00fasica assuntos muito importantes sobre a harmonia popular, desde substitui\u00e7\u00e3o de acordes at\u00e9 an\u00e1lises harm\u00f4nicas de mais de 40 can\u00e7\u00f5es do que h\u00e1 de melhor no repert\u00f3rio brasileiro.<\/p>\n","protected":false},"excerpt":{"rendered":"<p><img loading=\"lazy\" class=\"alignnone size-full wp-image-216781\" src=\"https:\/\/doremimusical.com.br\/2019\/wp-content\/uploads\/2021\/09\/logo2-1.png\" alt=\"\" width=\"97\" height=\"115\" \/><\/p>\n","protected":false},"featured_media":216796,"template":"","meta":{"_et_pb_use_builder":"","_et_pb_old_content":"","_et_gb_content_width":""},"product_cat":[79,82,628,626],"product_tag":[],"_links":{"self":[{"href":"https:\/\/doremimusical.com.br\/2019\/wp-json\/wp\/v2\/product\/216795"}],"collection":[{"href":"https:\/\/doremimusical.com.br\/2019\/wp-json\/wp\/v2\/product"}],"about":[{"href":"https:\/\/doremimusical.com.br\/2019\/wp-json\/wp\/v2\/types\/product"}],"wp:featuredmedia":[{"embeddable":true,"href":"https:\/\/doremimusical.com.br\/2019\/wp-json\/wp\/v2\/media\/216796"}],"wp:attachment":[{"href":"https:\/\/doremimusical.com.br\/2019\/wp-json\/wp\/v2\/media?parent=216795"}],"wp:term":[{"taxonomy":"product_cat","embeddable":true,"href":"https:\/\/doremimusical.com.br\/2019\/wp-json\/wp\/v2\/product_cat?post=216795"},{"taxonomy":"product_tag","embeddable":true,"href":"https:\/\/doremimusical.com.br\/2019\/wp-json\/wp\/v2\/product_tag?post=216795"}],"curies":[{"name":"wp","href":"https:\/\/api.w.org\/{rel}","templated":true}]}}